{"id":2850,"date":"2025-07-25T12:57:23","date_gmt":"2025-07-25T12:57:23","guid":{"rendered":"https:\/\/momed.hu\/?page_id=2850"},"modified":"2025-08-19T14:57:21","modified_gmt":"2025-08-19T14:57:21","slug":"newmain","status":"publish","type":"page","link":"https:\/\/momed.hu\/en\/","title":{"rendered":"F\u0151oldal NEW"},"content":{"rendered":"<h2 class=\"wp-block-heading\"><mark class=\"rank-math-highlight\" style=\"background-color: #fee894\">Momed: Kedvezm\u00e9nyek a mindennapokhoz<\/mark><\/h2>\n\n\n\n<p>Ha kedvezm\u00e9nyeket keresel, itt a helyed! Ne hagyd ki ezt a szuper lehet\u0151s\u00e9get! Gyere \u00e9s n\u00e9zd meg, milyen akci\u00f3k v\u00e1rnak r\u00e1d! Ne v\u00e1rj tov\u00e1bb, \u00e9s kapcsol\u00f3dj be a kihagyhatatlan aj\u00e1nlatokba! Fedezd fel az \u00faj, leny\u0171g\u00f6z\u0151 kedvezm\u00e9nyeket! Ne maradj le a fantasztikus lehet\u0151s\u00e9gekr\u0151l! Gyere \u00e9s v\u00e1logass a legjobb akci\u00f3k k\u00f6z\u00f6tt!<\/p>\n\n\n\n<p><\/p>","protected":false},"excerpt":{"rendered":"<p>Momed: Kedvezm\u00e9nyek a mindennapokhoz Ha kedvezm\u00e9nyeket keresel, itt a helyed! Ne hagyd ki ezt a szuper lehet\u0151s\u00e9get! Gyere \u00e9s n\u00e9zd meg, milyen akci\u00f3k v\u00e1rnak r\u00e1d! Ne v\u00e1rj tov\u00e1bb, \u00e9s kapcsol\u00f3dj be a kihagyhatatlan aj\u00e1nlatokba! Fedezd fel az \u00faj, leny\u0171g\u00f6z\u0151 kedvezm\u00e9nyeket! Ne maradj le a fantasztikus lehet\u0151s\u00e9gekr\u0151l! Gyere \u00e9s v\u00e1logass a legjobb akci\u00f3k k\u00f6z\u00f6tt!<\/p>","protected":false},"author":31,"featured_media":3356,"parent":0,"menu_order":0,"comment_status":"closed","ping_status":"closed","template":"","meta":{"inline_featured_image":false,"footnotes":""},"class_list":["post-2850","page","type-page","status-publish","has-post-thumbnail","hentry"],"_links":{"self":[{"href":"https:\/\/momed.hu\/en\/wp-json\/wp\/v2\/pages\/2850","targetHints":{"allow":["GET"]}}],"collection":[{"href":"https:\/\/momed.hu\/en\/wp-json\/wp\/v2\/pages"}],"about":[{"href":"https:\/\/momed.hu\/en\/wp-json\/wp\/v2\/types\/page"}],"author":[{"embeddable":true,"href":"https:\/\/momed.hu\/en\/wp-json\/wp\/v2\/users\/31"}],"replies":[{"embeddable":true,"href":"https:\/\/momed.hu\/en\/wp-json\/wp\/v2\/comments?post=2850"}],"version-history":[{"count":4,"href":"https:\/\/momed.hu\/en\/wp-json\/wp\/v2\/pages\/2850\/revisions"}],"predecessor-version":[{"id":3426,"href":"https:\/\/momed.hu\/en\/wp-json\/wp\/v2\/pages\/2850\/revisions\/3426"}],"wp:featuredmedia":[{"embeddable":true,"href":"https:\/\/momed.hu\/en\/wp-json\/wp\/v2\/media\/3356"}],"wp:attachment":[{"href":"https:\/\/momed.hu\/en\/wp-json\/wp\/v2\/media?parent=2850"}],"curies":[{"name":"wp","href":"https:\/\/api.w.org\/{rel}","templated":true}]}}