{"id":1384,"date":"2024-08-03T18:36:02","date_gmt":"2024-08-03T18:36:02","guid":{"rendered":"https:\/\/momed.hu\/?post_type=product&#038;p=1384"},"modified":"2025-10-09T12:00:34","modified_gmt":"2025-10-09T12:00:34","slug":"next-bistro-flash-debrecen","status":"publish","type":"product","link":"https:\/\/momed.hu\/en\/product\/next-bistro-flash-debrecen\/","title":{"rendered":"NEXT Bistro &amp; Flash"},"content":{"rendered":"<p>How to use it?<br \/>Aktiv\u00e1ld a kedvezm\u00e9nyed \u00e9s v\u00e1ltsd be a p\u00e9nzt\u00e1rn\u00e1l.<\/p>\n<p>A 10% kedvezm\u00e9ny a debreceni NEXT Bistro &amp; Flash -ben t\u00f6rt\u00e9n\u0151 teljes fogyaszt\u00e1sodra ig\u00e9nybevehet\u0151. A kedvezm\u00e9nyt maximum 4 f\u0151 sz\u00e1m\u00e1ra haszn\u00e1lhatod fel. A kedvezm\u00e9ny m\u00e1s akci\u00f3val nem \u00f6sszevonhat\u00f3. A kedvezm\u00e9ny visszavon\u00e1sig \u00e9rv\u00e9nyes.<\/p>","protected":false},"excerpt":{"rendered":"<p>- 10%<\/p>","protected":false},"featured_media":1437,"template":"","meta":{"inline_featured_image":false},"product_brand":[],"product_cat":[79],"product_tag":[],"class_list":{"0":"post-1384","1":"product","2":"type-product","3":"status-publish","4":"has-post-thumbnail","6":"product_cat-etel-ital","8":"first","9":"instock","10":"taxable","11":"shipping-taxable","12":"purchasable","13":"product-type-simple"},"_links":{"self":[{"href":"https:\/\/momed.hu\/en\/wp-json\/wp\/v2\/product\/1384","targetHints":{"allow":["GET"]}}],"collection":[{"href":"https:\/\/momed.hu\/en\/wp-json\/wp\/v2\/product"}],"about":[{"href":"https:\/\/momed.hu\/en\/wp-json\/wp\/v2\/types\/product"}],"wp:featuredmedia":[{"embeddable":true,"href":"https:\/\/momed.hu\/en\/wp-json\/wp\/v2\/media\/1437"}],"wp:attachment":[{"href":"https:\/\/momed.hu\/en\/wp-json\/wp\/v2\/media?parent=1384"}],"wp:term":[{"taxonomy":"product_brand","embeddable":true,"href":"https:\/\/momed.hu\/en\/wp-json\/wp\/v2\/product_brand?post=1384"},{"taxonomy":"product_cat","embeddable":true,"href":"https:\/\/momed.hu\/en\/wp-json\/wp\/v2\/product_cat?post=1384"},{"taxonomy":"product_tag","embeddable":true,"href":"https:\/\/momed.hu\/en\/wp-json\/wp\/v2\/product_tag?post=1384"}],"curies":[{"name":"wp","href":"https:\/\/api.w.org\/{rel}","templated":true}]}}