{"id":1410,"date":"2024-08-04T12:20:50","date_gmt":"2024-08-04T12:20:50","guid":{"rendered":"https:\/\/momed.hu\/?post_type=product&#038;p=1410"},"modified":"2026-04-11T12:48:08","modified_gmt":"2026-04-11T12:48:08","slug":"knowland-szabaduloszoba-debrecen","status":"publish","type":"product","link":"https:\/\/momed.hu\/en\/product\/knowland-szabaduloszoba-debrecen\/","title":{"rendered":"Knowland"},"content":{"rendered":"<p>- 30% Kedvezm\u00e9ny H\u00e9tf\u0151t\u0151l-Cs\u00fct\u00f6rt\u00f6kig<br \/>- 20% Kedvezm\u00e9ny P\u00e9ntekt\u0151l-Vas\u00e1rnapig<\/p>\n<p>How to use it?<br \/>Aktiv\u00e1ld a kedvezm\u00e9nyed \u00e9s v\u00e1ltsd be fizet\u00e9sn\u00e9l.<\/p>\n<p>A kedvezm\u00e9nyek a KNOWLAND Sz\u00e9chenyi u. 40. (Debrecen) helysz\u00edn\u00e9n tal\u00e1lhat\u00f3 szabadul\u00f3szob\u00e1kra vehet\u0151k ig\u00e9nybe. A kedvezm\u00e9ny m\u00e1s akci\u00f3val nem \u00f6sszevonhat\u00f3. A kedvezm\u00e9ny visszavon\u00e1sig \u00e9rv\u00e9nyes.<\/p>","protected":false},"excerpt":{"rendered":"<p>- 20-30%<\/p>","protected":false},"featured_media":1411,"template":"","meta":{"inline_featured_image":false},"product_brand":[],"product_cat":[95],"product_tag":[],"class_list":{"0":"post-1410","1":"product","2":"type-product","3":"status-publish","4":"has-post-thumbnail","6":"product_cat-szabadido","8":"first","9":"instock","10":"taxable","11":"shipping-taxable","12":"purchasable","13":"product-type-simple"},"_links":{"self":[{"href":"https:\/\/momed.hu\/en\/wp-json\/wp\/v2\/product\/1410","targetHints":{"allow":["GET"]}}],"collection":[{"href":"https:\/\/momed.hu\/en\/wp-json\/wp\/v2\/product"}],"about":[{"href":"https:\/\/momed.hu\/en\/wp-json\/wp\/v2\/types\/product"}],"wp:featuredmedia":[{"embeddable":true,"href":"https:\/\/momed.hu\/en\/wp-json\/wp\/v2\/media\/1411"}],"wp:attachment":[{"href":"https:\/\/momed.hu\/en\/wp-json\/wp\/v2\/media?parent=1410"}],"wp:term":[{"taxonomy":"product_brand","embeddable":true,"href":"https:\/\/momed.hu\/en\/wp-json\/wp\/v2\/product_brand?post=1410"},{"taxonomy":"product_cat","embeddable":true,"href":"https:\/\/momed.hu\/en\/wp-json\/wp\/v2\/product_cat?post=1410"},{"taxonomy":"product_tag","embeddable":true,"href":"https:\/\/momed.hu\/en\/wp-json\/wp\/v2\/product_tag?post=1410"}],"curies":[{"name":"wp","href":"https:\/\/api.w.org\/{rel}","templated":true}]}}