{"id":1412,"date":"2024-08-04T12:27:40","date_gmt":"2024-08-04T12:27:40","guid":{"rendered":"https:\/\/momed.hu\/?post_type=product&#038;p=1412"},"modified":"2025-10-09T12:46:54","modified_gmt":"2025-10-09T12:46:54","slug":"fit-food-way-egeszseges-taplalkozas","status":"publish","type":"product","link":"https:\/\/momed.hu\/en\/product\/fit-food-way-egeszseges-taplalkozas\/","title":{"rendered":"Fit Food Way"},"content":{"rendered":"<p>How to use it? <br \/>Aktiv\u00e1ld a kedvezm\u00e9nyed, majd \u00edrd be a k\u00f3dod a Fit Food Way weboldal\u00e1n leadott rendel\u00e9sed sor\u00e1n a kosaradban a megfelel\u0151 helyre.<\/p>\n<p>Az extra 10% kedvezm\u00e9ny a megl\u00e9v\u0151 akci\u00f3kon fel\u00fcl is, visszavon\u00e1sig \u00e9rv\u00e9nyes.<\/p>","protected":false},"excerpt":{"rendered":"<p>- EXTRA 10%<\/p>","protected":false},"featured_media":1662,"template":"","meta":{"inline_featured_image":false},"product_brand":[],"product_cat":[79,89],"product_tag":[],"class_list":{"0":"post-1412","1":"product","2":"type-product","3":"status-publish","4":"has-post-thumbnail","6":"product_cat-etel-ital","7":"product_cat-taplalekkiegeszitok","9":"first","10":"instock","11":"taxable","12":"shipping-taxable","13":"purchasable","14":"product-type-simple"},"_links":{"self":[{"href":"https:\/\/momed.hu\/en\/wp-json\/wp\/v2\/product\/1412","targetHints":{"allow":["GET"]}}],"collection":[{"href":"https:\/\/momed.hu\/en\/wp-json\/wp\/v2\/product"}],"about":[{"href":"https:\/\/momed.hu\/en\/wp-json\/wp\/v2\/types\/product"}],"wp:featuredmedia":[{"embeddable":true,"href":"https:\/\/momed.hu\/en\/wp-json\/wp\/v2\/media\/1662"}],"wp:attachment":[{"href":"https:\/\/momed.hu\/en\/wp-json\/wp\/v2\/media?parent=1412"}],"wp:term":[{"taxonomy":"product_brand","embeddable":true,"href":"https:\/\/momed.hu\/en\/wp-json\/wp\/v2\/product_brand?post=1412"},{"taxonomy":"product_cat","embeddable":true,"href":"https:\/\/momed.hu\/en\/wp-json\/wp\/v2\/product_cat?post=1412"},{"taxonomy":"product_tag","embeddable":true,"href":"https:\/\/momed.hu\/en\/wp-json\/wp\/v2\/product_tag?post=1412"}],"curies":[{"name":"wp","href":"https:\/\/api.w.org\/{rel}","templated":true}]}}