{"id":1414,"date":"2024-08-04T12:36:00","date_gmt":"2024-08-04T12:36:00","guid":{"rendered":"https:\/\/momed.hu\/?post_type=product&#038;p=1414"},"modified":"2025-11-19T21:14:12","modified_gmt":"2025-11-19T21:14:12","slug":"exit-the-room-szabaduloszoba-orszagos","status":"publish","type":"product","link":"https:\/\/momed.hu\/en\/product\/exit-the-room-szabaduloszoba-orszagos\/","title":{"rendered":"Exit The Room"},"content":{"rendered":"<p>- 20% Kedvezm\u00e9ny<\/p>\n<p>How to use it?<br \/>Aktiv\u00e1ld a kedvezm\u00e9nyed \u00e9s v\u00e1ltsd be fizet\u00e9sn\u00e9l.<\/p>\n<p>A kedvezm\u00e9ny orsz\u00e1gosan az Exit The Room szabadul\u00f3szoba minden p\u00e1ly\u00e1j\u00e1ra ig\u00e9nybevehet\u0151. A kedvezm\u00e9ny m\u00e1s akci\u00f3val nem \u00f6sszevonhat\u00f3. A kedvezm\u00e9ny visszavon\u00e1sig \u00e9rv\u00e9nyes.<\/p>","protected":false},"excerpt":{"rendered":"<p>- 20%<\/p>","protected":false},"featured_media":1415,"template":"","meta":{"inline_featured_image":false},"product_brand":[],"product_cat":[95,71],"product_tag":[],"class_list":{"0":"post-1414","1":"product","2":"type-product","3":"status-publish","4":"has-post-thumbnail","6":"product_cat-szabadido","7":"product_cat-top-marka","9":"first","10":"instock","11":"taxable","12":"shipping-taxable","13":"purchasable","14":"product-type-simple"},"_links":{"self":[{"href":"https:\/\/momed.hu\/en\/wp-json\/wp\/v2\/product\/1414","targetHints":{"allow":["GET"]}}],"collection":[{"href":"https:\/\/momed.hu\/en\/wp-json\/wp\/v2\/product"}],"about":[{"href":"https:\/\/momed.hu\/en\/wp-json\/wp\/v2\/types\/product"}],"wp:featuredmedia":[{"embeddable":true,"href":"https:\/\/momed.hu\/en\/wp-json\/wp\/v2\/media\/1415"}],"wp:attachment":[{"href":"https:\/\/momed.hu\/en\/wp-json\/wp\/v2\/media?parent=1414"}],"wp:term":[{"taxonomy":"product_brand","embeddable":true,"href":"https:\/\/momed.hu\/en\/wp-json\/wp\/v2\/product_brand?post=1414"},{"taxonomy":"product_cat","embeddable":true,"href":"https:\/\/momed.hu\/en\/wp-json\/wp\/v2\/product_cat?post=1414"},{"taxonomy":"product_tag","embeddable":true,"href":"https:\/\/momed.hu\/en\/wp-json\/wp\/v2\/product_tag?post=1414"}],"curies":[{"name":"wp","href":"https:\/\/api.w.org\/{rel}","templated":true}]}}