{"id":1417,"date":"2024-08-04T12:44:37","date_gmt":"2024-08-04T12:44:37","guid":{"rendered":"https:\/\/momed.hu\/?post_type=product&#038;p=1417"},"modified":"2025-10-09T12:28:32","modified_gmt":"2025-10-09T12:28:32","slug":"energym-fitnessterem-debrecen","status":"publish","type":"product","link":"https:\/\/momed.hu\/en\/product\/energym-fitnessterem-debrecen\/","title":{"rendered":"ENERGYM"},"content":{"rendered":"<p>How to use it?<br \/>Aktiv\u00e1ld a kedvezm\u00e9nyed \u00e9s v\u00e1ltsd be a v\u00e1s\u00e1rl\u00e1sn\u00e1l.<\/p>\n<p>Korl\u00e1tlan fitnesz b\u00e9rletek exkluz\u00edv kedvezm\u00e9nyei:<br \/>2 hetes <s>12 000 Ft<\/s> 10 500 Ft<br \/>1 h\u00f3napos <s>19 500 Ft<\/s> 17 000 Ft<br \/>3 h\u00f3napos <s>55 500 Ft<\/s> 49 000 Ft<br \/>6 h\u00f3napos <s>105 000 Ft<\/s> 91 000 Ft<br \/>12 h\u00f3napos <s>198 000 Ft<\/s> 170 000 Ft<\/p>\n<p>Alkalmas b\u00e9rletek exkluz\u00edv kedvezm\u00e9nyei:<br \/>10 alkalom (50 nap) <s>20 500 Ft<\/s> 18 500 Ft<\/p>","protected":false},"excerpt":{"rendered":"<p>Ak\u00e1r - 15%<\/p>","protected":false},"featured_media":1418,"template":"","meta":{"inline_featured_image":false},"product_brand":[],"product_cat":[86],"product_tag":[],"class_list":{"0":"post-1417","1":"product","2":"type-product","3":"status-publish","4":"has-post-thumbnail","6":"product_cat-sport","8":"first","9":"instock","10":"taxable","11":"shipping-taxable","12":"purchasable","13":"product-type-simple"},"_links":{"self":[{"href":"https:\/\/momed.hu\/en\/wp-json\/wp\/v2\/product\/1417","targetHints":{"allow":["GET"]}}],"collection":[{"href":"https:\/\/momed.hu\/en\/wp-json\/wp\/v2\/product"}],"about":[{"href":"https:\/\/momed.hu\/en\/wp-json\/wp\/v2\/types\/product"}],"wp:featuredmedia":[{"embeddable":true,"href":"https:\/\/momed.hu\/en\/wp-json\/wp\/v2\/media\/1418"}],"wp:attachment":[{"href":"https:\/\/momed.hu\/en\/wp-json\/wp\/v2\/media?parent=1417"}],"wp:term":[{"taxonomy":"product_brand","embeddable":true,"href":"https:\/\/momed.hu\/en\/wp-json\/wp\/v2\/product_brand?post=1417"},{"taxonomy":"product_cat","embeddable":true,"href":"https:\/\/momed.hu\/en\/wp-json\/wp\/v2\/product_cat?post=1417"},{"taxonomy":"product_tag","embeddable":true,"href":"https:\/\/momed.hu\/en\/wp-json\/wp\/v2\/product_tag?post=1417"}],"curies":[{"name":"wp","href":"https:\/\/api.w.org\/{rel}","templated":true}]}}