{"id":1419,"date":"2024-08-04T12:53:24","date_gmt":"2024-08-04T12:53:24","guid":{"rendered":"https:\/\/momed.hu\/?post_type=product&#038;p=1419"},"modified":"2025-10-09T12:29:42","modified_gmt":"2025-10-09T12:29:42","slug":"durofit-fitnesz-online","status":"publish","type":"product","link":"https:\/\/momed.hu\/en\/product\/durofit-fitnesz-online\/","title":{"rendered":"Durofit"},"content":{"rendered":"<p>How to use it?<br \/>Aktiv\u00e1ld a kedvezm\u00e9nyed, majd \u00edrd be a k\u00f3dod a Durofit weboldal\u00e1n t\u00f6rt\u00e9n\u0151 v\u00e1s\u00e1rl\u00e1sod sor\u00e1n a kosaradban a megfelel\u0151 helyre.<\/p>\n<p>momed-exkluz\u00edv kedvezm\u00e9nyek:<br \/>- 15% Kedvezm\u00e9ny a Durofitt\u00e1r START csomagj\u00e1ra<br \/>- 20% Kedvezm\u00e9ny a Durofitt\u00e1r 365 csomagj\u00e1ra<br \/>- 30% Kedvezm\u00e9ny a Durofit edz\u00e9scsomagjaira<\/p>","protected":false},"excerpt":{"rendered":"<p>- 15-30%<\/p>","protected":false},"featured_media":1420,"template":"","meta":{"inline_featured_image":false},"product_brand":[],"product_cat":[86],"product_tag":[],"class_list":{"0":"post-1419","1":"product","2":"type-product","3":"status-publish","4":"has-post-thumbnail","6":"product_cat-sport","8":"first","9":"instock","10":"taxable","11":"shipping-taxable","12":"purchasable","13":"product-type-simple"},"_links":{"self":[{"href":"https:\/\/momed.hu\/en\/wp-json\/wp\/v2\/product\/1419","targetHints":{"allow":["GET"]}}],"collection":[{"href":"https:\/\/momed.hu\/en\/wp-json\/wp\/v2\/product"}],"about":[{"href":"https:\/\/momed.hu\/en\/wp-json\/wp\/v2\/types\/product"}],"wp:featuredmedia":[{"embeddable":true,"href":"https:\/\/momed.hu\/en\/wp-json\/wp\/v2\/media\/1420"}],"wp:attachment":[{"href":"https:\/\/momed.hu\/en\/wp-json\/wp\/v2\/media?parent=1419"}],"wp:term":[{"taxonomy":"product_brand","embeddable":true,"href":"https:\/\/momed.hu\/en\/wp-json\/wp\/v2\/product_brand?post=1419"},{"taxonomy":"product_cat","embeddable":true,"href":"https:\/\/momed.hu\/en\/wp-json\/wp\/v2\/product_cat?post=1419"},{"taxonomy":"product_tag","embeddable":true,"href":"https:\/\/momed.hu\/en\/wp-json\/wp\/v2\/product_tag?post=1419"}],"curies":[{"name":"wp","href":"https:\/\/api.w.org\/{rel}","templated":true}]}}