{"id":1421,"date":"2024-08-04T13:05:01","date_gmt":"2024-08-04T13:05:01","guid":{"rendered":"https:\/\/momed.hu\/?post_type=product&#038;p=1421"},"modified":"2025-11-19T21:40:38","modified_gmt":"2025-11-19T21:40:38","slug":"dots-diet-egeszseges-taplalkozas-online","status":"publish","type":"product","link":"https:\/\/momed.hu\/en\/product\/dots-diet-egeszseges-taplalkozas-online\/","title":{"rendered":"Dots Diet"},"content":{"rendered":"<p>How to use it?<br \/>Aktiv\u00e1ld a kedvezm\u00e9nyed, majd \u00edrd be a k\u00f3dod a Dots Diet weboldal\u00e1n t\u00f6rt\u00e9n\u0151 v\u00e1s\u00e1rl\u00e1sod sor\u00e1n a kosaradban a megfelel\u0151 helyre.<\/p>\n<p>A 15% kedvezm\u00e9ny a Dots Diet valamennyi term\u00e9k\u00e9re \u00e9s a Lifestyle csomagokra egyar\u00e1nt \u00e9rv\u00e9nyes. A kedvezm\u00e9ny m\u00e1s akci\u00f3val nem \u00f6sszevonhat\u00f3. A kedvezm\u00e9ny visszavon\u00e1sig \u00e9rv\u00e9nyes.<\/p>","protected":false},"excerpt":{"rendered":"<p>The <strong>Dots Diet<\/strong> egy innovat\u00edv megold\u00e1s a szem\u00e9lyre szabott di\u00e9t\u00e1k \u00e9s eg\u00e9szs\u00e9ges \u00e9letm\u00f3d ir\u00e1nti elk\u00f6telezetteknek. A szakszer\u0171en \u00f6ssze\u00e1ll\u00edtott, k\u00f6nnyen k\u00f6vethet\u0151 \u00e9tkez\u00e9si tervekkel seg\u00edtenek el\u00e9rni a c\u00e9ljaidat \u2013 legyen sz\u00f3 fogy\u00e1sr\u00f3l vagy egy fenntarthat\u00f3bb \u00e9letm\u00f3dr\u00f3l. Az \u00e9tkez\u00e9sek magas rosttartalm\u00faak, seg\u00edtve a b\u00e9lfl\u00f3ra eg\u00e9szs\u00e9g\u00e9t \u00e9s a hossz\u00fa t\u00e1v\u00fa eredm\u00e9nyeket. Tudd meg, hogyan t\u00e1mogathatj\u00e1k az \u00e9tkez\u00e9seid az eg\u00e9szs\u00e9gedet, \u00e9s \u00e9lvezd az \u00ednycsikland\u00f3, m\u00e9gis t\u00e1pl\u00e1l\u00f3 fog\u00e1sokat!<\/p>\n<p>If you want to learn more, click on the \"Website\" button.<\/p>","protected":false},"featured_media":1422,"template":"","meta":{"inline_featured_image":false},"product_brand":[],"product_cat":[89,71],"product_tag":[],"class_list":{"0":"post-1421","1":"product","2":"type-product","3":"status-publish","4":"has-post-thumbnail","6":"product_cat-taplalekkiegeszitok","7":"product_cat-top-marka","9":"first","10":"instock","11":"taxable","12":"shipping-taxable","13":"purchasable","14":"product-type-simple"},"_links":{"self":[{"href":"https:\/\/momed.hu\/en\/wp-json\/wp\/v2\/product\/1421","targetHints":{"allow":["GET"]}}],"collection":[{"href":"https:\/\/momed.hu\/en\/wp-json\/wp\/v2\/product"}],"about":[{"href":"https:\/\/momed.hu\/en\/wp-json\/wp\/v2\/types\/product"}],"wp:featuredmedia":[{"embeddable":true,"href":"https:\/\/momed.hu\/en\/wp-json\/wp\/v2\/media\/1422"}],"wp:attachment":[{"href":"https:\/\/momed.hu\/en\/wp-json\/wp\/v2\/media?parent=1421"}],"wp:term":[{"taxonomy":"product_brand","embeddable":true,"href":"https:\/\/momed.hu\/en\/wp-json\/wp\/v2\/product_brand?post=1421"},{"taxonomy":"product_cat","embeddable":true,"href":"https:\/\/momed.hu\/en\/wp-json\/wp\/v2\/product_cat?post=1421"},{"taxonomy":"product_tag","embeddable":true,"href":"https:\/\/momed.hu\/en\/wp-json\/wp\/v2\/product_tag?post=1421"}],"curies":[{"name":"wp","href":"https:\/\/api.w.org\/{rel}","templated":true}]}}