{"id":1423,"date":"2024-08-04T13:12:17","date_gmt":"2024-08-04T13:12:17","guid":{"rendered":"https:\/\/momed.hu\/?post_type=product&#038;p=1423"},"modified":"2025-10-09T12:20:55","modified_gmt":"2025-10-09T12:20:55","slug":"csokonai-nemzeti-szinhaz-szinhaz-debrecen","status":"publish","type":"product","link":"https:\/\/momed.hu\/en\/product\/csokonai-nemzeti-szinhaz-szinhaz-debrecen\/","title":{"rendered":"Csokonai Nemzeti Sz\u00ednh\u00e1z"},"content":{"rendered":"<p>How to use it?<br \/>Aktiv\u00e1ld a kedvezm\u00e9nyed \u00e9s v\u00e1ltsd be a p\u00e9nzt\u00e1rn\u00e1l.<\/p>\n<p>A 10% kedvezm\u00e9ny a Csokonai Te\u00e1trum, a Csokonai F\u00f3rum \u00e9s a Nagyerdei Szabadt\u00e9ri Sz\u00ednpad saj\u00e1t el\u0151ad\u00e1saira, jegyp\u00e9nzt\u00e1rban t\u00f6rt\u00e9n\u0151 jegyv\u00e1s\u00e1rl\u00e1sra \u00e9rv\u00e9nyes. A kedvezm\u00e9ny nem \u00e1truh\u00e1zhat\u00f3 \u00e9s m\u00e1s kedvezm\u00e9nnyel nem \u00f6sszevonhat\u00f3. A kedvezm\u00e9ny visszavon\u00e1sig \u00e9rv\u00e9nyes.<\/p>","protected":false},"excerpt":{"rendered":"<p>The <strong>Csokonai Sz\u00ednh\u00e1z<\/strong> minden egyes el\u0151ad\u00e1sa egy k\u00fcl\u00f6nleges \u00e9lm\u00e9nyt k\u00edn\u00e1l. Ha szeretn\u00e9l elmer\u00fclni a sz\u00ednh\u00e1z vil\u00e1g\u00e1ban, egy-egy sz\u00ednh\u00e1zi est garant\u00e1ltan felejthetetlen pillanatokat tartogat sz\u00e1modra. A sz\u00ednh\u00e1z soksz\u00edn\u0171 programk\u00edn\u00e1lata \u2013 klasszikus darabokt\u00f3l a modern el\u0151ad\u00e1sokig \u2013 biztos\u00edtja, hogy mindenki megtal\u00e1lja a sz\u00e1m\u00e1ra t\u00f6k\u00e9letes el\u0151ad\u00e1st. Ne hagyd ki, gyere el, \u00e9s \u00e9ld \u00e1t a kult\u00fara var\u00e1zs\u00e1t!<\/p>\n<p>If you want to learn more, click on the \"Website\" button.<\/p>","protected":false},"featured_media":1424,"template":"","meta":{"inline_featured_image":false},"product_brand":[],"product_cat":[95],"product_tag":[],"class_list":{"0":"post-1423","1":"product","2":"type-product","3":"status-publish","4":"has-post-thumbnail","6":"product_cat-szabadido","8":"first","9":"instock","10":"taxable","11":"shipping-taxable","12":"purchasable","13":"product-type-simple"},"_links":{"self":[{"href":"https:\/\/momed.hu\/en\/wp-json\/wp\/v2\/product\/1423","targetHints":{"allow":["GET"]}}],"collection":[{"href":"https:\/\/momed.hu\/en\/wp-json\/wp\/v2\/product"}],"about":[{"href":"https:\/\/momed.hu\/en\/wp-json\/wp\/v2\/types\/product"}],"wp:featuredmedia":[{"embeddable":true,"href":"https:\/\/momed.hu\/en\/wp-json\/wp\/v2\/media\/1424"}],"wp:attachment":[{"href":"https:\/\/momed.hu\/en\/wp-json\/wp\/v2\/media?parent=1423"}],"wp:term":[{"taxonomy":"product_brand","embeddable":true,"href":"https:\/\/momed.hu\/en\/wp-json\/wp\/v2\/product_brand?post=1423"},{"taxonomy":"product_cat","embeddable":true,"href":"https:\/\/momed.hu\/en\/wp-json\/wp\/v2\/product_cat?post=1423"},{"taxonomy":"product_tag","embeddable":true,"href":"https:\/\/momed.hu\/en\/wp-json\/wp\/v2\/product_tag?post=1423"}],"curies":[{"name":"wp","href":"https:\/\/api.w.org\/{rel}","templated":true}]}}