{"id":1425,"date":"2024-08-04T13:29:30","date_gmt":"2024-08-04T13:29:30","guid":{"rendered":"https:\/\/momed.hu\/?post_type=product&#038;p=1425"},"modified":"2025-10-09T12:29:32","modified_gmt":"2025-10-09T12:29:32","slug":"corpus-fitness-fitneszterem-debrecen","status":"publish","type":"product","link":"https:\/\/momed.hu\/en\/product\/corpus-fitness-fitneszterem-debrecen\/","title":{"rendered":"Corpus Fitness"},"content":{"rendered":"<p>How to use it?<br \/>Aktiv\u00e1ld a kedvezm\u00e9nyed \u00e9s v\u00e1ltsd be a p\u00e9nzt\u00e1rn\u00e1l.<\/p>\n<p>Kondi b\u00e9rletek exkluz\u00edv kedvezm\u00e9nyei:<br \/>1 h\u00f3nap (30 nap) <s>18 990 Ft<\/s> 16 490 Ft<br \/>3 h\u00f3nap (90 nap) <s>53 990 Ft<\/s> 45 990 Ft<br \/>6 h\u00f3nap (180 nap) <s>99 990 Ft<\/s> 89 990 Ft<br \/>12 h\u00f3nap (365 nap)\u00a0<s>189 990 Ft<\/s> 174 990 Ft<\/p>\n<p>Aerobik b\u00e9rletek exkluz\u00edv kedvezm\u00e9nyei<br \/>10 alkalom (45 nap) <s>17 990 Ft<\/s> 14 990 Ft<br \/>15 alkalom (60 nap) <s>23 990 Ft<\/s> 22 490 Ft<br \/>30 alkalom (100 nap) <s>44 990 Ft<\/s> 42 990 Ft<br \/>140 alkalom (365 nap) <s>195 990 Ft<\/s> 185 990 Ft<\/p>\n<p>Kombin\u00e1lt b\u00e9rlet (Kondi+Aerobik) exkluz\u00edv kedvezm\u00e9nye:<br \/>Kombin\u00e1lt b\u00e9rlet (30 nap) <s>26 990 Ft<\/s> 24 990 Ft<\/p>\n<p>Jap\u00e1n szauna exkluz\u00edv kedvezm\u00e9nyei:<br \/>1 alkalom <s>15 000 Ft<\/s> 13 000 Ft<br \/>4 alkalom <s>48 000 Ft<\/s> 44 000 Ft<br \/>10 alkalom <s>110 000 Ft<\/s> 100 000 Ft<\/p>","protected":false},"excerpt":{"rendered":"<p>Ak\u00e1r - 15%<\/p>","protected":false},"featured_media":1426,"template":"","meta":{"inline_featured_image":false},"product_brand":[],"product_cat":[86],"product_tag":[],"class_list":{"0":"post-1425","1":"product","2":"type-product","3":"status-publish","4":"has-post-thumbnail","6":"product_cat-sport","8":"first","9":"instock","10":"taxable","11":"shipping-taxable","12":"purchasable","13":"product-type-simple"},"_links":{"self":[{"href":"https:\/\/momed.hu\/en\/wp-json\/wp\/v2\/product\/1425","targetHints":{"allow":["GET"]}}],"collection":[{"href":"https:\/\/momed.hu\/en\/wp-json\/wp\/v2\/product"}],"about":[{"href":"https:\/\/momed.hu\/en\/wp-json\/wp\/v2\/types\/product"}],"wp:featuredmedia":[{"embeddable":true,"href":"https:\/\/momed.hu\/en\/wp-json\/wp\/v2\/media\/1426"}],"wp:attachment":[{"href":"https:\/\/momed.hu\/en\/wp-json\/wp\/v2\/media?parent=1425"}],"wp:term":[{"taxonomy":"product_brand","embeddable":true,"href":"https:\/\/momed.hu\/en\/wp-json\/wp\/v2\/product_brand?post=1425"},{"taxonomy":"product_cat","embeddable":true,"href":"https:\/\/momed.hu\/en\/wp-json\/wp\/v2\/product_cat?post=1425"},{"taxonomy":"product_tag","embeddable":true,"href":"https:\/\/momed.hu\/en\/wp-json\/wp\/v2\/product_tag?post=1425"}],"curies":[{"name":"wp","href":"https:\/\/api.w.org\/{rel}","templated":true}]}}