{"id":1427,"date":"2024-08-04T13:41:53","date_gmt":"2024-08-04T13:41:53","guid":{"rendered":"https:\/\/momed.hu\/?post_type=product&#038;p=1427"},"modified":"2025-10-09T12:24:59","modified_gmt":"2025-10-09T12:24:59","slug":"barcraft-geek-bar-debrecen","status":"publish","type":"product","link":"https:\/\/momed.hu\/en\/product\/barcraft-geek-bar-debrecen\/","title":{"rendered":"BarCraft"},"content":{"rendered":"<p>How to use it?<br \/>Aktiv\u00e1ld a kedvezm\u00e9nyed \u00e9s v\u00e1ltsd be fizet\u00e9sn\u00e9l.<\/p>\n<p>A 10% kedvezm\u00e9ny a BarCraft minden szolg\u00e1ltat\u00e1s\u00e1ra, j\u00e1t\u00e9kra, \u00e9tel- \u00e9s italfogyaszt\u00e1sra \u00e9rv\u00e9nyes. A kedvezm\u00e9ny maximum 2 f\u0151 r\u00e9sz\u00e9re felhaszn\u00e1lhat\u00f3. A kedvezm\u00e9ny m\u00e1s akci\u00f3val nem \u00f6sszevonhat\u00f3. A kedvezm\u00e9ny visszavon\u00e1sig \u00e9rv\u00e9nyes.<\/p>","protected":false},"excerpt":{"rendered":"<p>- 10%<\/p>","protected":false},"featured_media":1428,"template":"","meta":{"inline_featured_image":false},"product_brand":[],"product_cat":[84],"product_tag":[],"class_list":{"0":"post-1427","1":"product","2":"type-product","3":"status-publish","4":"has-post-thumbnail","6":"product_cat-barok-bulik","8":"first","9":"instock","10":"taxable","11":"shipping-taxable","12":"purchasable","13":"product-type-simple"},"_links":{"self":[{"href":"https:\/\/momed.hu\/en\/wp-json\/wp\/v2\/product\/1427","targetHints":{"allow":["GET"]}}],"collection":[{"href":"https:\/\/momed.hu\/en\/wp-json\/wp\/v2\/product"}],"about":[{"href":"https:\/\/momed.hu\/en\/wp-json\/wp\/v2\/types\/product"}],"wp:featuredmedia":[{"embeddable":true,"href":"https:\/\/momed.hu\/en\/wp-json\/wp\/v2\/media\/1428"}],"wp:attachment":[{"href":"https:\/\/momed.hu\/en\/wp-json\/wp\/v2\/media?parent=1427"}],"wp:term":[{"taxonomy":"product_brand","embeddable":true,"href":"https:\/\/momed.hu\/en\/wp-json\/wp\/v2\/product_brand?post=1427"},{"taxonomy":"product_cat","embeddable":true,"href":"https:\/\/momed.hu\/en\/wp-json\/wp\/v2\/product_cat?post=1427"},{"taxonomy":"product_tag","embeddable":true,"href":"https:\/\/momed.hu\/en\/wp-json\/wp\/v2\/product_tag?post=1427"}],"curies":[{"name":"wp","href":"https:\/\/api.w.org\/{rel}","templated":true}]}}