{"id":1429,"date":"2024-08-04T14:03:21","date_gmt":"2024-08-04T14:03:21","guid":{"rendered":"https:\/\/momed.hu\/?post_type=product&#038;p=1429"},"modified":"2025-10-09T11:50:36","modified_gmt":"2025-10-09T11:50:36","slug":"szomszed-bisztro-etterem-debrecen","status":"publish","type":"product","link":"https:\/\/momed.hu\/en\/product\/szomszed-bisztro-etterem-debrecen\/","title":{"rendered":"Szomsz\u00e9d Bisztr\u00f3"},"content":{"rendered":"<p>How to use it?<br \/>Activate your discount and redeem it at checkout.<\/p>\n<p>A kedvezm\u00e9ny a debreceni Szomsz\u00e9d Bisztr\u00f3ban, maximum 4 f\u0151 fogyaszt\u00e1s\u00e1ra \u00e9rv\u00e9nyes. A kedvezm\u00e9ny m\u00e1s akci\u00f3val nem \u00f6sszevonhat\u00f3. A kedvezm\u00e9ny visszavon\u00e1sig \u00e9rv\u00e9nyes.<\/p>\n<p>momed kedvezm\u00e9nyek:<br \/>- 10% kedvezm\u00e9ny a Business-Men\u00fc \u00e9s a rendezv\u00e9nyek \u00e1r\u00e1b\u00f3l<br \/>- 15% kedvezm\u00e9ny az A'la Carte \u00e9s Pizza fogyaszt\u00e1sb\u00f3l<\/p>","protected":false},"excerpt":{"rendered":"<p>- 10-15%<\/p>","protected":false},"featured_media":1430,"template":"","meta":{"inline_featured_image":false},"product_brand":[],"product_cat":[79],"product_tag":[],"class_list":{"0":"post-1429","1":"product","2":"type-product","3":"status-publish","4":"has-post-thumbnail","6":"product_cat-etel-ital","8":"first","9":"instock","10":"taxable","11":"shipping-taxable","12":"purchasable","13":"product-type-simple"},"_links":{"self":[{"href":"https:\/\/momed.hu\/en\/wp-json\/wp\/v2\/product\/1429","targetHints":{"allow":["GET"]}}],"collection":[{"href":"https:\/\/momed.hu\/en\/wp-json\/wp\/v2\/product"}],"about":[{"href":"https:\/\/momed.hu\/en\/wp-json\/wp\/v2\/types\/product"}],"wp:featuredmedia":[{"embeddable":true,"href":"https:\/\/momed.hu\/en\/wp-json\/wp\/v2\/media\/1430"}],"wp:attachment":[{"href":"https:\/\/momed.hu\/en\/wp-json\/wp\/v2\/media?parent=1429"}],"wp:term":[{"taxonomy":"product_brand","embeddable":true,"href":"https:\/\/momed.hu\/en\/wp-json\/wp\/v2\/product_brand?post=1429"},{"taxonomy":"product_cat","embeddable":true,"href":"https:\/\/momed.hu\/en\/wp-json\/wp\/v2\/product_cat?post=1429"},{"taxonomy":"product_tag","embeddable":true,"href":"https:\/\/momed.hu\/en\/wp-json\/wp\/v2\/product_tag?post=1429"}],"curies":[{"name":"wp","href":"https:\/\/api.w.org\/{rel}","templated":true}]}}