{"id":1444,"date":"2024-08-05T11:33:00","date_gmt":"2024-08-05T11:33:00","guid":{"rendered":"https:\/\/momed.hu\/?post_type=product&#038;p=1444"},"modified":"2025-10-09T12:10:06","modified_gmt":"2025-10-09T12:10:06","slug":"intersport-sportaruhaz-orszagos","status":"publish","type":"product","link":"https:\/\/momed.hu\/en\/product\/intersport-sportaruhaz-orszagos\/","title":{"rendered":"Intersport"},"content":{"rendered":"<p>How to use it? <br \/>Aktiv\u00e1ld a kedvezm\u00e9nyed \u00e9s v\u00e1ltsd be a p\u00e9nzt\u00e1rn\u00e1l.<\/p>\n<p>A 15% kedvezm\u00e9ny az orsz\u00e1g minden INTERSPORT \u00e1ruh\u00e1zban \u00e9rv\u00e9nyes. A kedvezm\u00e9ny m\u00e1s akci\u00f3val nem \u00f6sszevonhat\u00f3 \u00e9s\u00a0nem \u00e9rv\u00e9nyes az elektromos ker\u00e9kp\u00e1rokra. A kedvezm\u00e9ny visszavon\u00e1sig vagy a k\u00e9szlet erej\u00e9ig \u00e9rv\u00e9nyes.<\/p>","protected":false},"excerpt":{"rendered":"<p>Az <strong>Intersport<\/strong> minden sportol\u00f3nak \u00e9s akt\u00edv \u00e9letm\u00f3dot k\u00f6vet\u0151nek t\u00f6k\u00e9letes v\u00e1laszt\u00e1s. Ak\u00e1r kezd\u0151, ak\u00e1r profi sportol\u00f3 vagy, sz\u00e9les term\u00e9kk\u00edn\u00e1latukban mindent megtal\u00e1lsz, amire sz\u00fcks\u00e9ged van: sportfelszerel\u00e9sek, ruh\u00e1zat, cip\u0151k \u00e9s kieg\u00e9sz\u00edt\u0151k. Legyen sz\u00f3 fut\u00e1sr\u00f3l, ker\u00e9kp\u00e1roz\u00e1sr\u00f3l vagy a leg\u00fajabb fitnesztrendekr\u0151l, az Intersport seg\u00edt abban, hogy a legjobb form\u00e1dat hozd, \u00e9s \u00e9lvezd a mozg\u00e1s \u00f6r\u00f6m\u00e9t!<\/p>\n<p>If you want to learn more, click on the \"Website\" button.<\/p>","protected":false},"featured_media":1439,"template":"","meta":{"inline_featured_image":false},"product_brand":[],"product_cat":[80,87,82,78,71],"product_tag":[],"class_list":{"0":"post-1444","1":"product","2":"type-product","3":"status-publish","4":"has-post-thumbnail","6":"product_cat-bevasarlas","7":"product_cat-cipok-es-sneakerek","8":"product_cat-divat","9":"product_cat-kiemelt","10":"product_cat-top-marka","12":"first","13":"instock","14":"taxable","15":"shipping-taxable","16":"purchasable","17":"product-type-simple"},"_links":{"self":[{"href":"https:\/\/momed.hu\/en\/wp-json\/wp\/v2\/product\/1444","targetHints":{"allow":["GET"]}}],"collection":[{"href":"https:\/\/momed.hu\/en\/wp-json\/wp\/v2\/product"}],"about":[{"href":"https:\/\/momed.hu\/en\/wp-json\/wp\/v2\/types\/product"}],"wp:featuredmedia":[{"embeddable":true,"href":"https:\/\/momed.hu\/en\/wp-json\/wp\/v2\/media\/1439"}],"wp:attachment":[{"href":"https:\/\/momed.hu\/en\/wp-json\/wp\/v2\/media?parent=1444"}],"wp:term":[{"taxonomy":"product_brand","embeddable":true,"href":"https:\/\/momed.hu\/en\/wp-json\/wp\/v2\/product_brand?post=1444"},{"taxonomy":"product_cat","embeddable":true,"href":"https:\/\/momed.hu\/en\/wp-json\/wp\/v2\/product_cat?post=1444"},{"taxonomy":"product_tag","embeddable":true,"href":"https:\/\/momed.hu\/en\/wp-json\/wp\/v2\/product_tag?post=1444"}],"curies":[{"name":"wp","href":"https:\/\/api.w.org\/{rel}","templated":true}]}}