{"id":1445,"date":"2024-08-05T11:39:01","date_gmt":"2024-08-05T11:39:01","guid":{"rendered":"https:\/\/momed.hu\/?post_type=product&#038;p=1445"},"modified":"2025-10-09T12:19:48","modified_gmt":"2025-10-09T12:19:48","slug":"siva-yoga-studio-jogastudio-debrecen","status":"publish","type":"product","link":"https:\/\/momed.hu\/en\/product\/siva-yoga-studio-jogastudio-debrecen\/","title":{"rendered":"Siva Yoga Studio"},"content":{"rendered":"<p>How to use it?<br \/>Activate your discount and redeem it at checkout.<\/p>\n<p>A 12% kedvezm\u00e9ny a Siva Yoga Studio keddi \u00e9s p\u00e9nteki feln\u0151tt j\u00f3gar\u00f3r\u00e1ira, valamint a p\u00e9nteki \u00f3vod\u00e1s (4-6 \u00e9ves) \u00e9s szombati iskol\u00e1s (7-10 \u00e9ves) j\u00f3ga\u00f3r\u00e1kra \u00e9rv\u00e9nyes. A kedvezm\u00e9ny m\u00e1s akci\u00f3val nem \u00f6sszevonhat\u00f3. A kedvezm\u00e9ny visszavon\u00e1sig \u00e9rv\u00e9nyes.<\/p>","protected":false},"excerpt":{"rendered":"<p>- 12%<\/p>","protected":false},"featured_media":1446,"template":"","meta":{"inline_featured_image":false},"product_brand":[],"product_cat":[95],"product_tag":[],"class_list":{"0":"post-1445","1":"product","2":"type-product","3":"status-publish","4":"has-post-thumbnail","6":"product_cat-szabadido","8":"first","9":"instock","10":"taxable","11":"shipping-taxable","12":"purchasable","13":"product-type-simple"},"_links":{"self":[{"href":"https:\/\/momed.hu\/en\/wp-json\/wp\/v2\/product\/1445","targetHints":{"allow":["GET"]}}],"collection":[{"href":"https:\/\/momed.hu\/en\/wp-json\/wp\/v2\/product"}],"about":[{"href":"https:\/\/momed.hu\/en\/wp-json\/wp\/v2\/types\/product"}],"wp:featuredmedia":[{"embeddable":true,"href":"https:\/\/momed.hu\/en\/wp-json\/wp\/v2\/media\/1446"}],"wp:attachment":[{"href":"https:\/\/momed.hu\/en\/wp-json\/wp\/v2\/media?parent=1445"}],"wp:term":[{"taxonomy":"product_brand","embeddable":true,"href":"https:\/\/momed.hu\/en\/wp-json\/wp\/v2\/product_brand?post=1445"},{"taxonomy":"product_cat","embeddable":true,"href":"https:\/\/momed.hu\/en\/wp-json\/wp\/v2\/product_cat?post=1445"},{"taxonomy":"product_tag","embeddable":true,"href":"https:\/\/momed.hu\/en\/wp-json\/wp\/v2\/product_tag?post=1445"}],"curies":[{"name":"wp","href":"https:\/\/api.w.org\/{rel}","templated":true}]}}