{"id":1451,"date":"2024-08-05T12:56:38","date_gmt":"2024-08-05T12:56:38","guid":{"rendered":"https:\/\/momed.hu\/?post_type=product&#038;p=1451"},"modified":"2025-10-09T12:03:58","modified_gmt":"2025-10-09T12:03:58","slug":"the-macaron-bites-cukraszda-debrecen","status":"publish","type":"product","link":"https:\/\/momed.hu\/en\/product\/the-macaron-bites-cukraszda-debrecen\/","title":{"rendered":"The Macaron Bites - Cukr\u00e1szda (Debrecen)"},"content":{"rendered":"<p>- 10% Kedvezm\u00e9ny<\/p>\n<p>How to use it?<br \/>Aktiv\u00e1ld a kedvezm\u00e9nyed \u00e9s v\u00e1ltsd be a p\u00e9nzt\u00e1rn\u00e1l.<\/p>\n<p>A 10% kedvezm\u00e9ny a The Macaron Bites -ban kaphat\u00f3 valamennyi term\u00e9kre \u00e9rv\u00e9nyes. A kedvezm\u00e9ny m\u00e1s akci\u00f3val nem \u00f6sszevonhat\u00f3 \u00e9s nem \u00e1truh\u00e1zhat\u00f3. A kedvezm\u00e9ny visszavon\u00e1sig \u00e9rv\u00e9nyes.<\/p>","protected":false},"excerpt":{"rendered":"<p>- 10%<\/p>","protected":false},"featured_media":1452,"template":"","meta":{"inline_featured_image":false},"product_brand":[],"product_cat":[79],"product_tag":[],"class_list":{"0":"post-1451","1":"product","2":"type-product","3":"status-publish","4":"has-post-thumbnail","6":"product_cat-etel-ital","8":"first","9":"instock","10":"taxable","11":"shipping-taxable","12":"purchasable","13":"product-type-simple"},"_links":{"self":[{"href":"https:\/\/momed.hu\/en\/wp-json\/wp\/v2\/product\/1451","targetHints":{"allow":["GET"]}}],"collection":[{"href":"https:\/\/momed.hu\/en\/wp-json\/wp\/v2\/product"}],"about":[{"href":"https:\/\/momed.hu\/en\/wp-json\/wp\/v2\/types\/product"}],"wp:featuredmedia":[{"embeddable":true,"href":"https:\/\/momed.hu\/en\/wp-json\/wp\/v2\/media\/1452"}],"wp:attachment":[{"href":"https:\/\/momed.hu\/en\/wp-json\/wp\/v2\/media?parent=1451"}],"wp:term":[{"taxonomy":"product_brand","embeddable":true,"href":"https:\/\/momed.hu\/en\/wp-json\/wp\/v2\/product_brand?post=1451"},{"taxonomy":"product_cat","embeddable":true,"href":"https:\/\/momed.hu\/en\/wp-json\/wp\/v2\/product_cat?post=1451"},{"taxonomy":"product_tag","embeddable":true,"href":"https:\/\/momed.hu\/en\/wp-json\/wp\/v2\/product_tag?post=1451"}],"curies":[{"name":"wp","href":"https:\/\/api.w.org\/{rel}","templated":true}]}}