{"id":1454,"date":"2024-08-05T13:29:49","date_gmt":"2024-08-05T13:29:49","guid":{"rendered":"https:\/\/momed.hu\/?post_type=product&#038;p=1454"},"modified":"2026-05-11T19:28:26","modified_gmt":"2026-05-11T19:28:26","slug":"vintage-world","status":"publish","type":"product","link":"https:\/\/momed.hu\/en\/product\/vintage-world\/","title":{"rendered":"Vintage World Cafe &amp; Flower"},"content":{"rendered":"<p>How to use it?<br \/>Kattints a \"Felhaszn\u00e1lom\" gombra \u00e9s mutusd meg a kassz\u00e1n\u00e1l.<\/p>\n<p>A 10% kedvezm\u00e9ny a Vintage World debreceni \u00fczlet\u00e9ben t\u00f6rt\u00e9n\u0151 v\u00e1s\u00e1rl\u00e1sra \u00e9rv\u00e9nyes. A kedvezm\u00e9ny m\u00e1s akci\u00f3val nem \u00f6sszevonhat\u00f3. A kedvezm\u00e9ny visszavon\u00e1sig \u00e9rv\u00e9nyes.<\/p>","protected":false},"excerpt":{"rendered":"<p>A Vintage World Debrecen egyik legk\u00fcl\u00f6nlegesebb brunch \u00e9s lifestyle helye, ahol a finom \u00e9telek \u00e9s a hangulatos atmoszf\u00e9ra t\u00f6k\u00e9letesen tal\u00e1lkoznak.<br \/>K\u00fcl\u00f6nleges reggelik, specialty k\u00e1v\u00e9 \u00e9s st\u00edlusos enteri\u0151r v\u00e1r a v\u00e1ros sz\u00edv\u00e9ben.<br \/>Legyen sz\u00f3 egy lass\u00fa brunchr\u00f3l vagy bar\u00e1ti k\u00e1v\u00e9z\u00e1sr\u00f3l, a Vintage World mindig j\u00f3 v\u00e1laszt\u00e1s.<\/p>","protected":false},"featured_media":1455,"template":"","meta":{"inline_featured_image":false},"product_brand":[],"product_cat":[79],"product_tag":[],"class_list":{"0":"post-1454","1":"product","2":"type-product","3":"status-publish","4":"has-post-thumbnail","6":"product_cat-etel-ital","8":"first","9":"instock","10":"taxable","11":"shipping-taxable","12":"purchasable","13":"product-type-simple"},"_links":{"self":[{"href":"https:\/\/momed.hu\/en\/wp-json\/wp\/v2\/product\/1454","targetHints":{"allow":["GET"]}}],"collection":[{"href":"https:\/\/momed.hu\/en\/wp-json\/wp\/v2\/product"}],"about":[{"href":"https:\/\/momed.hu\/en\/wp-json\/wp\/v2\/types\/product"}],"wp:featuredmedia":[{"embeddable":true,"href":"https:\/\/momed.hu\/en\/wp-json\/wp\/v2\/media\/1455"}],"wp:attachment":[{"href":"https:\/\/momed.hu\/en\/wp-json\/wp\/v2\/media?parent=1454"}],"wp:term":[{"taxonomy":"product_brand","embeddable":true,"href":"https:\/\/momed.hu\/en\/wp-json\/wp\/v2\/product_brand?post=1454"},{"taxonomy":"product_cat","embeddable":true,"href":"https:\/\/momed.hu\/en\/wp-json\/wp\/v2\/product_cat?post=1454"},{"taxonomy":"product_tag","embeddable":true,"href":"https:\/\/momed.hu\/en\/wp-json\/wp\/v2\/product_tag?post=1454"}],"curies":[{"name":"wp","href":"https:\/\/api.w.org\/{rel}","templated":true}]}}