{"id":1504,"date":"2024-08-10T11:48:53","date_gmt":"2024-08-10T11:48:53","guid":{"rendered":"https:\/\/momed.hu\/?post_type=product&#038;p=1504"},"modified":"2025-03-06T22:17:38","modified_gmt":"2025-03-06T22:17:38","slug":"babaszafari-bababolt","status":"publish","type":"product","link":"https:\/\/momed.hu\/en\/product\/babaszafari-bababolt\/","title":{"rendered":"Babaszafari"},"content":{"rendered":"<p>How to use it?<br \/>Aktiv\u00e1ld a kedvezm\u00e9nyed \u00e9s v\u00e1ltsd be a fizet\u00e9sn\u00e9l. A webshopban t\u00f6rt\u00e9n\u0151 v\u00e1s\u00e1rl\u00e1skor aktiv\u00e1ld a kedvezm\u00e9nyed, majd \u00edrd be a k\u00f3dod a Babaszafari weboldal\u00e1n a kosaradban a megfelel\u0151 helyre.<\/p>\n<p>A 10% kedvezm\u00e9ny a \"Babaszafari Kedvenc\" term\u00e9keire, az orsz\u00e1g minden Babaszafari \u00e1ruh\u00e1zban \u00e9s a webshopban \u00e9rv\u00e9nyes. A kedvezm\u00e9ny m\u00e1s akci\u00f3val nem \u00f6sszevonhat\u00f3. A kedvezm\u00e9ny visszavon\u00e1sig vagy a k\u00e9szlet erej\u00e9ig \u00e9rv\u00e9nyes.<\/p>","protected":false},"excerpt":{"rendered":"<p>The <strong>Babaszafari<\/strong> a legjobb v\u00e1laszt\u00e1s, ha a legkisebbeknek keresel pr\u00e9mium min\u0151s\u00e9g\u0171 babaterm\u00e9keket. Sz\u00e9les k\u00edn\u00e1latukban mindent megtal\u00e1lsz, amire egy baba \u00e9s egy friss sz\u00fcl\u0151 sz\u00fcks\u00e9ge lehet: babaruh\u00e1k, pelenk\u00e1z\u00e1sra alkalmas kieg\u00e9sz\u00edt\u0151k, j\u00e1t\u00e9kok \u00e9s biztons\u00e1gos, k\u00e9nyelmes eszk\u00f6z\u00f6k. Fedezd fel a k\u00e9nyelmet \u00e9s biztons\u00e1got, amit a Babaszafari term\u00e9kei k\u00edn\u00e1lnak, \u00e9s tedd m\u00e9g boldogabb\u00e1 a babav\u00e1r\u00e1s pillanatait!<\/p>\n<p>If you want to learn more, click on the \"Website\" button.<\/p>","protected":false},"featured_media":1719,"template":"","meta":{"inline_featured_image":false},"product_brand":[],"product_cat":[52],"product_tag":[],"class_list":{"0":"post-1504","1":"product","2":"type-product","3":"status-publish","4":"has-post-thumbnail","6":"product_cat-baba-mama","8":"first","9":"instock","10":"taxable","11":"shipping-taxable","12":"product-type-simple"},"_links":{"self":[{"href":"https:\/\/momed.hu\/en\/wp-json\/wp\/v2\/product\/1504","targetHints":{"allow":["GET"]}}],"collection":[{"href":"https:\/\/momed.hu\/en\/wp-json\/wp\/v2\/product"}],"about":[{"href":"https:\/\/momed.hu\/en\/wp-json\/wp\/v2\/types\/product"}],"wp:featuredmedia":[{"embeddable":true,"href":"https:\/\/momed.hu\/en\/wp-json\/wp\/v2\/media\/1719"}],"wp:attachment":[{"href":"https:\/\/momed.hu\/en\/wp-json\/wp\/v2\/media?parent=1504"}],"wp:term":[{"taxonomy":"product_brand","embeddable":true,"href":"https:\/\/momed.hu\/en\/wp-json\/wp\/v2\/product_brand?post=1504"},{"taxonomy":"product_cat","embeddable":true,"href":"https:\/\/momed.hu\/en\/wp-json\/wp\/v2\/product_cat?post=1504"},{"taxonomy":"product_tag","embeddable":true,"href":"https:\/\/momed.hu\/en\/wp-json\/wp\/v2\/product_tag?post=1504"}],"curies":[{"name":"wp","href":"https:\/\/api.w.org\/{rel}","templated":true}]}}