{"id":1507,"date":"2024-08-10T11:59:27","date_gmt":"2024-08-10T11:59:27","guid":{"rendered":"https:\/\/momed.hu\/?post_type=product&#038;p=1507"},"modified":"2025-10-09T12:46:08","modified_gmt":"2025-10-09T12:46:08","slug":"a-fogorvosa-fogaszat-debrecen","status":"publish","type":"product","link":"https:\/\/momed.hu\/en\/product\/a-fogorvosa-fogaszat-debrecen\/","title":{"rendered":"A Fogorvosa"},"content":{"rendered":"<p>How to use it?<br \/>Activate your discount and redeem it at checkout.<\/p>\n<p>A 13% kedvezm\u00e9ny A Fogorvosa valamennyi szolg\u00e1ltat\u00e1s\u00e1ra \u00e9rv\u00e9nyes. A kedvezm\u00e9nyek nem \u00e1truh\u00e1zhat\u00f3k, azok kiz\u00e1r\u00f3lag a momed-el\u0151fizet\u0151 sz\u00e1m\u00e1ra, valamint annak 14 \u00e9ven aluli gyermeke sz\u00e1m\u00e1ra biztos\u00edt kedvezm\u00e9nyt. A kedvezm\u00e9nyek visszavon\u00e1sig \u00e9rv\u00e9nyesek. <\/p>\n<p>momed-exkluz\u00edv kedvezm\u00e9nyek:<br \/>- \"Konzult\u00e1ci\u00f3s\" sz\u0171r\u0151csomag <s>36.000 Ft<\/s> helyett 20.000 Ft\u00a0<br \/>- \"Dent\u00e1lhigi\u00e9ni\u00e1s\" sz\u0171r\u0151csomag <s>146.000 Ft<\/s> helyett 80.000 Ft\u00a0<br \/>- \"All-on-4 Noble Biocare\" implant\u00e1ci\u00f3s csomag <s>1.599.000 Ft<\/s> helyett 1.299.000 Ft<\/p>","protected":false},"excerpt":{"rendered":"<p>- 13-45%<\/p>","protected":false},"featured_media":1508,"template":"","meta":{"inline_featured_image":false},"product_brand":[],"product_cat":[93],"product_tag":[],"class_list":{"0":"post-1507","1":"product","2":"type-product","3":"status-publish","4":"has-post-thumbnail","6":"product_cat-egeszsegugy","8":"first","9":"instock","10":"taxable","11":"shipping-taxable","12":"purchasable","13":"product-type-simple"},"_links":{"self":[{"href":"https:\/\/momed.hu\/en\/wp-json\/wp\/v2\/product\/1507","targetHints":{"allow":["GET"]}}],"collection":[{"href":"https:\/\/momed.hu\/en\/wp-json\/wp\/v2\/product"}],"about":[{"href":"https:\/\/momed.hu\/en\/wp-json\/wp\/v2\/types\/product"}],"wp:featuredmedia":[{"embeddable":true,"href":"https:\/\/momed.hu\/en\/wp-json\/wp\/v2\/media\/1508"}],"wp:attachment":[{"href":"https:\/\/momed.hu\/en\/wp-json\/wp\/v2\/media?parent=1507"}],"wp:term":[{"taxonomy":"product_brand","embeddable":true,"href":"https:\/\/momed.hu\/en\/wp-json\/wp\/v2\/product_brand?post=1507"},{"taxonomy":"product_cat","embeddable":true,"href":"https:\/\/momed.hu\/en\/wp-json\/wp\/v2\/product_cat?post=1507"},{"taxonomy":"product_tag","embeddable":true,"href":"https:\/\/momed.hu\/en\/wp-json\/wp\/v2\/product_tag?post=1507"}],"curies":[{"name":"wp","href":"https:\/\/api.w.org\/{rel}","templated":true}]}}