{"id":1513,"date":"2024-08-10T12:22:56","date_gmt":"2024-08-10T12:22:56","guid":{"rendered":"https:\/\/momed.hu\/?post_type=product&#038;p=1513"},"modified":"2025-10-09T12:35:22","modified_gmt":"2025-10-09T12:35:22","slug":"menstage-fodraszat-debrecen","status":"publish","type":"product","link":"https:\/\/momed.hu\/en\/product\/menstage-fodraszat-debrecen\/","title":{"rendered":"MENSTAGE"},"content":{"rendered":"<p>How to use it?<br \/>Activate your discount and redeem it at checkout.<\/p>\n<p>- 10% kedvezm\u00e9ny a MENSTAGE valamennyi szolg\u00e1ltat\u00e1s\u00e1ra. <br \/>- 20% kedvezm\u00e9ny a MENSTAGE-ben t\u00f6rt\u00e9n\u0151 term\u00e9kv\u00e1s\u00e1r\u00e1sra.<\/p>\n<p>A kedvezm\u00e9nyek a debreceni MENSTAGE fodr\u00e1szatban \u00e9rv\u00e9nyesek. A kedvezm\u00e9nyek nem \u00e1truh\u00e1zhat\u00f3k, azok kiz\u00e1r\u00f3lag a momed-el\u0151fizet\u0151 sz\u00e1m\u00e1ra, valamint annak 14 \u00e9ven aluli gyermeke sz\u00e1m\u00e1ra biztos\u00edt kedvezm\u00e9nyt. A kedvezm\u00e9nyek visszavon\u00e1sig \u00e9rv\u00e9nyesek. <\/p>","protected":false},"excerpt":{"rendered":"<p>- 10-20% <\/p>","protected":false},"featured_media":1514,"template":"","meta":{"inline_featured_image":false},"product_brand":[],"product_cat":[90],"product_tag":[],"class_list":{"0":"post-1513","1":"product","2":"type-product","3":"status-publish","4":"has-post-thumbnail","6":"product_cat-szepseg","8":"first","9":"instock","10":"taxable","11":"shipping-taxable","12":"purchasable","13":"product-type-simple"},"_links":{"self":[{"href":"https:\/\/momed.hu\/en\/wp-json\/wp\/v2\/product\/1513","targetHints":{"allow":["GET"]}}],"collection":[{"href":"https:\/\/momed.hu\/en\/wp-json\/wp\/v2\/product"}],"about":[{"href":"https:\/\/momed.hu\/en\/wp-json\/wp\/v2\/types\/product"}],"wp:featuredmedia":[{"embeddable":true,"href":"https:\/\/momed.hu\/en\/wp-json\/wp\/v2\/media\/1514"}],"wp:attachment":[{"href":"https:\/\/momed.hu\/en\/wp-json\/wp\/v2\/media?parent=1513"}],"wp:term":[{"taxonomy":"product_brand","embeddable":true,"href":"https:\/\/momed.hu\/en\/wp-json\/wp\/v2\/product_brand?post=1513"},{"taxonomy":"product_cat","embeddable":true,"href":"https:\/\/momed.hu\/en\/wp-json\/wp\/v2\/product_cat?post=1513"},{"taxonomy":"product_tag","embeddable":true,"href":"https:\/\/momed.hu\/en\/wp-json\/wp\/v2\/product_tag?post=1513"}],"curies":[{"name":"wp","href":"https:\/\/api.w.org\/{rel}","templated":true}]}}