{"id":1519,"date":"2024-08-10T13:14:35","date_gmt":"2024-08-10T13:14:35","guid":{"rendered":"https:\/\/momed.hu\/?post_type=product&#038;p=1519"},"modified":"2025-10-09T12:19:58","modified_gmt":"2025-10-09T12:19:58","slug":"prana-aerial-yoga-jogastudio","status":"publish","type":"product","link":"https:\/\/momed.hu\/en\/product\/prana-aerial-yoga-jogastudio\/","title":{"rendered":"PR\u00c1NA Aerial Yoga"},"content":{"rendered":"<p>How to use it?<br \/>Activate your discount and redeem it at checkout.<\/p>\n<p>momed-exkluz\u00edv kedvezm\u00e9nyek:<br \/>- AJ\u00c1ND\u00c9K els\u0151 alkalom<br \/>- 15% kedvezm\u00e9ny az 5 alkalmas b\u00e9rlet \u00e1r\u00e1b\u00f3l<br \/>- 40% kedvezm\u00e9ny a mag\u00e1n\u00f3ra \u00e9s szem\u00e9lyi edz\u00e9s b\u00e9rlet \u00e1r\u00e1b\u00f3l<\/p>\n<p>A kedvezm\u00e9nyek nem \u00e1truh\u00e1zhat\u00f3k, azok kiz\u00e1r\u00f3lag a momed-el\u0151fizet\u0151 sz\u00e1m\u00e1ra, valamint annak 14 \u00e9ven aluli gyermeke sz\u00e1m\u00e1ra biztos\u00edt kedvezm\u00e9nyt. A kedvezm\u00e9nyek visszavon\u00e1sig \u00e9rv\u00e9nyesek.<\/p>","protected":false},"excerpt":{"rendered":"<p>- 15-40%<\/p>","protected":false},"featured_media":1644,"template":"","meta":{"inline_featured_image":false},"product_brand":[],"product_cat":[95],"product_tag":[],"class_list":{"0":"post-1519","1":"product","2":"type-product","3":"status-publish","4":"has-post-thumbnail","6":"product_cat-szabadido","8":"first","9":"instock","10":"taxable","11":"shipping-taxable","12":"purchasable","13":"product-type-simple"},"_links":{"self":[{"href":"https:\/\/momed.hu\/en\/wp-json\/wp\/v2\/product\/1519","targetHints":{"allow":["GET"]}}],"collection":[{"href":"https:\/\/momed.hu\/en\/wp-json\/wp\/v2\/product"}],"about":[{"href":"https:\/\/momed.hu\/en\/wp-json\/wp\/v2\/types\/product"}],"wp:featuredmedia":[{"embeddable":true,"href":"https:\/\/momed.hu\/en\/wp-json\/wp\/v2\/media\/1644"}],"wp:attachment":[{"href":"https:\/\/momed.hu\/en\/wp-json\/wp\/v2\/media?parent=1519"}],"wp:term":[{"taxonomy":"product_brand","embeddable":true,"href":"https:\/\/momed.hu\/en\/wp-json\/wp\/v2\/product_brand?post=1519"},{"taxonomy":"product_cat","embeddable":true,"href":"https:\/\/momed.hu\/en\/wp-json\/wp\/v2\/product_cat?post=1519"},{"taxonomy":"product_tag","embeddable":true,"href":"https:\/\/momed.hu\/en\/wp-json\/wp\/v2\/product_tag?post=1519"}],"curies":[{"name":"wp","href":"https:\/\/api.w.org\/{rel}","templated":true}]}}