{"id":1522,"date":"2024-08-10T13:27:09","date_gmt":"2024-08-10T13:27:09","guid":{"rendered":"https:\/\/momed.hu\/?post_type=product&#038;p=1522"},"modified":"2025-10-09T12:40:56","modified_gmt":"2025-10-09T12:40:56","slug":"vezer-allategeszsegugyi-centrum","status":"publish","type":"product","link":"https:\/\/momed.hu\/en\/product\/vezer-allategeszsegugyi-centrum\/","title":{"rendered":"Vez\u00e9r \u00c1llateg\u00e9szs\u00e9g\u00fcgyi Centrum"},"content":{"rendered":"<p>How to use it?<br \/>Activate your discount and redeem it at checkout.<\/p>\n<p>A kedvezm\u00e9nyek a debreceni Vez\u00e9r \u00c1llateg\u00e9szs\u00e9g\u00fcgyi Centrumban \u00e9rv\u00e9nyesek. A kedvezm\u00e9nyek nem \u00e1truh\u00e1zhat\u00f3k \u00e9s visszavon\u00e1sig \u00e9rv\u00e9nyesek. <\/p>\n<p>\u00c1llatgy\u00f3gy\u00e1szati szolg\u00e1ltat\u00e1sokb\u00f3l:<br \/>- 10% kedvezm\u00e9ny<br \/>- 5% kedvezm\u00e9ny\u00a0a t\u00f6rzsv\u00e1s\u00e1rl\u00f3 \u00fcgyfelek megl\u00e9v\u0151 kedvezm\u00e9nyein fel\u00fcl<\/p>\n<p>Patikai- \u00e9s Petshop term\u00e9kekb\u0151l:<br \/>- 5% kedvezm\u00e9ny<br \/>- 3% kedvezm\u00e9ny\u00a0a t\u00f6rzsv\u00e1s\u00e1rl\u00f3 \u00fcgyfelek megl\u00e9v\u0151 kedvezm\u00e9nyein fel\u00fcl<\/p>\n<p>A kedvezm\u00e9nyek nem vonatkoznak a webshopban t\u00f6rt\u00e9n\u0151 v\u00e1s\u00e1rl\u00e1sokra, szezon\u00e1lis \u00e9s akci\u00f3s aj\u00e1nlatokra, CT vizsg\u00e1lat \u00e9s szak\u00e9rt\u0151i v\u00e9lem\u00e9nyre, hyposzenzibil\u00e1l\u00f3 oldatra, Vez\u00e9r kis- \u00e9s nagy rutin h\u00e9tv\u00e9gire, fizioter\u00e1pi\u00e1s-, hidroter\u00e1pi\u00e1s- \u00e9s massz\u00e1zs b\u00e9rletekre, l\u00e1gyl\u00e9zeres kezel\u00e9sekre \u00e9s b\u00e9rletre, alomolt\u00e1sokra, k\u00f3rh\u00e1zi sz\u0171r\u0151csomagokra, MEV-ekre, asszisztensi-, h\u00e9tv\u00e9gi- \u00e9s \u00fcgyeleti p\u00f3tl\u00e9kra, illetve Afilaria injekci\u00f3ra.<\/p>","protected":false},"excerpt":{"rendered":"<p>Hogyan haszn\u00e1ld fel?Aktiv\u00e1ld a kedvezm\u00e9nyed \u00e9s v\u00e1ltsd be a fizet\u00e9sn\u00e9l. A kedvezm\u00e9nyek a debreceni Vez\u00e9r \u00c1llateg\u00e9szs\u00e9g\u00fcgyi Centrumban \u00e9rv\u00e9nyesek. A kedvezm\u00e9nyek nem \u00e1truh\u00e1zhat\u00f3k \u00e9s visszavon\u00e1sig \u00e9rv\u00e9nyesek. \u00c1llatgy\u00f3gy\u00e1szati szolg\u00e1ltat\u00e1sokb\u00f3l:- 10% kedvezm\u00e9ny- 5% kedvezm\u00e9ny\u00a0a t\u00f6rzsv\u00e1s\u00e1rl\u00f3 \u00fcgyfelek megl\u00e9v\u0151 kedvezm\u00e9nyein fel\u00fcl Patikai- \u00e9s Petshop term\u00e9kekb\u0151l:- 5% kedvezm\u00e9ny- 3% kedvezm\u00e9ny\u00a0a t\u00f6rzsv\u00e1s\u00e1rl\u00f3 \u00fcgyfelek megl\u00e9v\u0151 kedvezm\u00e9nyein fel\u00fcl A kedvezm\u00e9nyek nem vonatkoznak a webshopban [&hellip;]<\/p>\n","protected":false},"featured_media":1523,"template":"","meta":{"inline_featured_image":false},"product_brand":[],"product_cat":[93],"product_tag":[],"class_list":{"0":"post-1522","1":"product","2":"type-product","3":"status-publish","4":"has-post-thumbnail","6":"product_cat-egeszsegugy","8":"first","9":"instock","10":"taxable","11":"shipping-taxable","12":"purchasable","13":"product-type-simple"},"_links":{"self":[{"href":"https:\/\/momed.hu\/en\/wp-json\/wp\/v2\/product\/1522","targetHints":{"allow":["GET"]}}],"collection":[{"href":"https:\/\/momed.hu\/en\/wp-json\/wp\/v2\/product"}],"about":[{"href":"https:\/\/momed.hu\/en\/wp-json\/wp\/v2\/types\/product"}],"wp:featuredmedia":[{"embeddable":true,"href":"https:\/\/momed.hu\/en\/wp-json\/wp\/v2\/media\/1523"}],"wp:attachment":[{"href":"https:\/\/momed.hu\/en\/wp-json\/wp\/v2\/media?parent=1522"}],"wp:term":[{"taxonomy":"product_brand","embeddable":true,"href":"https:\/\/momed.hu\/en\/wp-json\/wp\/v2\/product_brand?post=1522"},{"taxonomy":"product_cat","embeddable":true,"href":"https:\/\/momed.hu\/en\/wp-json\/wp\/v2\/product_cat?post=1522"},{"taxonomy":"product_tag","embeddable":true,"href":"https:\/\/momed.hu\/en\/wp-json\/wp\/v2\/product_tag?post=1522"}],"curies":[{"name":"wp","href":"https:\/\/api.w.org\/{rel}","templated":true}]}}