{"id":1596,"date":"2024-08-23T17:22:38","date_gmt":"2024-08-23T17:22:38","guid":{"rendered":"https:\/\/momed.hu\/?post_type=product&#038;p=1596"},"modified":"2025-10-09T12:45:57","modified_gmt":"2025-10-09T12:45:57","slug":"mokka-drink-bar","status":"publish","type":"product","link":"https:\/\/momed.hu\/en\/product\/mokka-drink-bar\/","title":{"rendered":"MOKKA Drink B\u00e1r"},"content":{"rendered":"<p>How to use it?<br \/>Activate your discount and redeem it at checkout.<\/p>\n<p>A 10% kedvezm\u00e9ny a MOKKA Drink B\u00e1rban t\u00f6rt\u00e9n\u0151 valamennyi \u00e9tel-, ital- \u00e9s k\u00e1v\u00e9fogyaszt\u00e1sra \u00e9rv\u00e9nyes. <\/p>\n<p>momed-exkluz\u00edv kedvezm\u00e9ny:<br \/>4+1 \"MOKKA\" s\u00f6r kedvezm\u00e9ny<\/p>\n<p>A kedvezm\u00e9nyek m\u00e1s akci\u00f3val nem \u00f6sszevonhat\u00f3 \u00e9s legfeljebb 2 szem\u00e9ly sz\u00e1m\u00e1ra \u00e9rv\u00e9nyes\u00edthet\u0151. A kedvezm\u00e9nyek visszavon\u00e1sig \u00e9rv\u00e9nyesek.<\/p>","protected":false},"excerpt":{"rendered":"<p>- 10%<\/p>","protected":false},"featured_media":1597,"template":"","meta":{"inline_featured_image":false},"product_brand":[],"product_cat":[79],"product_tag":[],"class_list":{"0":"post-1596","1":"product","2":"type-product","3":"status-publish","4":"has-post-thumbnail","6":"product_cat-etel-ital","8":"first","9":"instock","10":"taxable","11":"shipping-taxable","12":"product-type-simple"},"_links":{"self":[{"href":"https:\/\/momed.hu\/en\/wp-json\/wp\/v2\/product\/1596","targetHints":{"allow":["GET"]}}],"collection":[{"href":"https:\/\/momed.hu\/en\/wp-json\/wp\/v2\/product"}],"about":[{"href":"https:\/\/momed.hu\/en\/wp-json\/wp\/v2\/types\/product"}],"wp:featuredmedia":[{"embeddable":true,"href":"https:\/\/momed.hu\/en\/wp-json\/wp\/v2\/media\/1597"}],"wp:attachment":[{"href":"https:\/\/momed.hu\/en\/wp-json\/wp\/v2\/media?parent=1596"}],"wp:term":[{"taxonomy":"product_brand","embeddable":true,"href":"https:\/\/momed.hu\/en\/wp-json\/wp\/v2\/product_brand?post=1596"},{"taxonomy":"product_cat","embeddable":true,"href":"https:\/\/momed.hu\/en\/wp-json\/wp\/v2\/product_cat?post=1596"},{"taxonomy":"product_tag","embeddable":true,"href":"https:\/\/momed.hu\/en\/wp-json\/wp\/v2\/product_tag?post=1596"}],"curies":[{"name":"wp","href":"https:\/\/api.w.org\/{rel}","templated":true}]}}