{"id":1624,"date":"2024-08-27T10:28:43","date_gmt":"2024-08-27T10:28:43","guid":{"rendered":"https:\/\/momed.hu\/?post_type=product&#038;p=1624"},"modified":"2025-10-09T12:21:15","modified_gmt":"2025-10-09T12:21:15","slug":"yourart-paint","status":"publish","type":"product","link":"https:\/\/momed.hu\/en\/product\/yourart-paint\/","title":{"rendered":"YourArt Paint"},"content":{"rendered":"<p>How to use it?<br \/>Activate your discount and redeem it at checkout.<\/p>\n<p>A 15% kedvezm\u00e9ny a YourArt \u00e9lm\u00e9nyfest\u00e9sre \u00e9rv\u00e9nyes. <\/p>\n<p>A kedvezm\u00e9ny m\u00e1s akci\u00f3val nem \u00f6sszevonhat\u00f3. A kedvezm\u00e9ny visszavon\u00e1sig \u00e9rv\u00e9nyesek.<\/p>","protected":false},"excerpt":{"rendered":"<p>- 15%<\/p>","protected":false},"featured_media":1631,"template":"","meta":{"inline_featured_image":false},"product_brand":[],"product_cat":[95,29],"product_tag":[],"class_list":{"0":"post-1624","1":"product","2":"type-product","3":"status-publish","4":"has-post-thumbnail","6":"product_cat-szabadido","7":"product_cat-ujpartnerek","9":"first","10":"instock","11":"taxable","12":"shipping-taxable","13":"purchasable","14":"product-type-simple"},"_links":{"self":[{"href":"https:\/\/momed.hu\/en\/wp-json\/wp\/v2\/product\/1624","targetHints":{"allow":["GET"]}}],"collection":[{"href":"https:\/\/momed.hu\/en\/wp-json\/wp\/v2\/product"}],"about":[{"href":"https:\/\/momed.hu\/en\/wp-json\/wp\/v2\/types\/product"}],"wp:featuredmedia":[{"embeddable":true,"href":"https:\/\/momed.hu\/en\/wp-json\/wp\/v2\/media\/1631"}],"wp:attachment":[{"href":"https:\/\/momed.hu\/en\/wp-json\/wp\/v2\/media?parent=1624"}],"wp:term":[{"taxonomy":"product_brand","embeddable":true,"href":"https:\/\/momed.hu\/en\/wp-json\/wp\/v2\/product_brand?post=1624"},{"taxonomy":"product_cat","embeddable":true,"href":"https:\/\/momed.hu\/en\/wp-json\/wp\/v2\/product_cat?post=1624"},{"taxonomy":"product_tag","embeddable":true,"href":"https:\/\/momed.hu\/en\/wp-json\/wp\/v2\/product_tag?post=1624"}],"curies":[{"name":"wp","href":"https:\/\/api.w.org\/{rel}","templated":true}]}}