{"id":1671,"date":"2024-08-28T12:10:34","date_gmt":"2024-08-28T12:10:34","guid":{"rendered":"https:\/\/momed.hu\/?post_type=product&#038;p=1671"},"modified":"2026-03-17T20:08:41","modified_gmt":"2026-03-17T20:08:41","slug":"residence-dental-clinic","status":"publish","type":"product","link":"https:\/\/momed.hu\/en\/product\/residence-dental-clinic\/","title":{"rendered":"Residence Dental Clinic"},"content":{"rendered":"<p>How to use it?<br \/>Activate your discount and redeem it at checkout.<\/p>\n<p>A 15% kedvezm\u00e9ny a debreceni Residence Dental Clinic-n\u00e9l \u00e9rv\u00e9nyes. A kedvezm\u00e9nyek visszavon\u00e1sig \u00e9rv\u00e9nyesek. <\/p>","protected":false},"excerpt":{"rendered":"<p>A <strong>Residence Dental Clinic<\/strong> egy modern, pr\u00e9mium fog\u00e1szati rendel\u0151 Debrecenben, ahol tapasztalt szakemberek dolgoznak a leg\u00fajabb technol\u00f3gi\u00e1kkal.<br \/>C\u00e9ljuk, hogy minden kezel\u00e9s gyors, prec\u00edz \u00e9s f\u00e1jdalommentes legyen.<br \/>Eszt\u00e9tikai \u00e9s \u00e1ltal\u00e1nos fog\u00e1szati szolg\u00e1ltat\u00e1sok egy helyen, szem\u00e9lyre szabottan.<br \/>Nyugodt, bar\u00e1ts\u00e1gos k\u00f6rnyezetben seg\u00edtenek, hogy magabiztosan mosolyoghass.<\/p>","protected":false},"featured_media":1673,"template":"","meta":{"inline_featured_image":false},"product_brand":[],"product_cat":[93],"product_tag":[],"class_list":{"0":"post-1671","1":"product","2":"type-product","3":"status-publish","4":"has-post-thumbnail","6":"product_cat-egeszsegugy","8":"first","9":"instock","10":"taxable","11":"shipping-taxable","12":"purchasable","13":"product-type-simple"},"_links":{"self":[{"href":"https:\/\/momed.hu\/en\/wp-json\/wp\/v2\/product\/1671","targetHints":{"allow":["GET"]}}],"collection":[{"href":"https:\/\/momed.hu\/en\/wp-json\/wp\/v2\/product"}],"about":[{"href":"https:\/\/momed.hu\/en\/wp-json\/wp\/v2\/types\/product"}],"wp:featuredmedia":[{"embeddable":true,"href":"https:\/\/momed.hu\/en\/wp-json\/wp\/v2\/media\/1673"}],"wp:attachment":[{"href":"https:\/\/momed.hu\/en\/wp-json\/wp\/v2\/media?parent=1671"}],"wp:term":[{"taxonomy":"product_brand","embeddable":true,"href":"https:\/\/momed.hu\/en\/wp-json\/wp\/v2\/product_brand?post=1671"},{"taxonomy":"product_cat","embeddable":true,"href":"https:\/\/momed.hu\/en\/wp-json\/wp\/v2\/product_cat?post=1671"},{"taxonomy":"product_tag","embeddable":true,"href":"https:\/\/momed.hu\/en\/wp-json\/wp\/v2\/product_tag?post=1671"}],"curies":[{"name":"wp","href":"https:\/\/api.w.org\/{rel}","templated":true}]}}