{"id":1681,"date":"2024-08-28T12:54:51","date_gmt":"2024-08-28T12:54:51","guid":{"rendered":"https:\/\/momed.hu\/?post_type=product&#038;p=1681"},"modified":"2025-10-09T12:02:55","modified_gmt":"2025-10-09T12:02:55","slug":"salad-box","status":"publish","type":"product","link":"https:\/\/momed.hu\/en\/product\/salad-box\/","title":{"rendered":"Salad Box"},"content":{"rendered":"<p>How to use it?<br \/>Activate your discount and redeem it at checkout.<\/p>\n<p>A 10% kedvezm\u00e9ny a Salad Box al\u00e1bbi \u00e9ttermeiben \u00e9rv\u00e9nyes. A kedvezm\u00e9ny m\u00e1s akci\u00f3val nem \u00f6sszevonhat\u00f3. A kedvezm\u00e9ny visszavon\u00e1sig \u00e9rv\u00e9nyes.<\/p>\n<p>- Salad Box GOBUDA Mall<br \/>- Salad Box Dunakeszi Auchan<br \/>- Salad Box Debrecen<\/p>","protected":false},"excerpt":{"rendered":"<p>- 10%<\/p>","protected":false},"featured_media":1682,"template":"","meta":{"inline_featured_image":false},"product_brand":[],"product_cat":[79,71],"product_tag":[],"class_list":{"0":"post-1681","1":"product","2":"type-product","3":"status-publish","4":"has-post-thumbnail","6":"product_cat-etel-ital","7":"product_cat-top-marka","9":"first","10":"instock","11":"taxable","12":"shipping-taxable","13":"product-type-simple"},"_links":{"self":[{"href":"https:\/\/momed.hu\/en\/wp-json\/wp\/v2\/product\/1681","targetHints":{"allow":["GET"]}}],"collection":[{"href":"https:\/\/momed.hu\/en\/wp-json\/wp\/v2\/product"}],"about":[{"href":"https:\/\/momed.hu\/en\/wp-json\/wp\/v2\/types\/product"}],"wp:featuredmedia":[{"embeddable":true,"href":"https:\/\/momed.hu\/en\/wp-json\/wp\/v2\/media\/1682"}],"wp:attachment":[{"href":"https:\/\/momed.hu\/en\/wp-json\/wp\/v2\/media?parent=1681"}],"wp:term":[{"taxonomy":"product_brand","embeddable":true,"href":"https:\/\/momed.hu\/en\/wp-json\/wp\/v2\/product_brand?post=1681"},{"taxonomy":"product_cat","embeddable":true,"href":"https:\/\/momed.hu\/en\/wp-json\/wp\/v2\/product_cat?post=1681"},{"taxonomy":"product_tag","embeddable":true,"href":"https:\/\/momed.hu\/en\/wp-json\/wp\/v2\/product_tag?post=1681"}],"curies":[{"name":"wp","href":"https:\/\/api.w.org\/{rel}","templated":true}]}}