{"id":1707,"date":"2024-08-30T16:46:22","date_gmt":"2024-08-30T16:46:22","guid":{"rendered":"https:\/\/momed.hu\/?post_type=product&#038;p=1707"},"modified":"2025-10-09T12:13:51","modified_gmt":"2025-10-09T12:13:51","slug":"love-dream-elmenyvilla","status":"publish","type":"product","link":"https:\/\/momed.hu\/en\/product\/love-dream-elmenyvilla\/","title":{"rendered":"Love &amp; Dream \u00c9lm\u00e9nyvilla"},"content":{"rendered":"<p>How to use it?<br \/>Aktiv\u00e1ld a kedvezm\u00e9nyed, majd \u00edrd be a k\u00f3dod a Love &amp; Dream \u00c9lm\u00e9nyvilla weboldal\u00e1n t\u00f6rt\u00e9n\u0151 foglal\u00e1sod sor\u00e1n a megfelel\u0151 helyre.<\/p>\n<p>A 10% kedvezm\u00e9ny a Love &amp; Dream \u00c9lm\u00e9nyvilla saj\u00e1t weboldal\u00e1n t\u00f6rt\u00e9n\u0151 foglal\u00e1skor \u00e9rv\u00e9nyes\u00edthet\u0151. A kedvezm\u00e9ny m\u00e1s akci\u00f3val nem \u00f6sszevonhat\u00f3. A kedvezm\u00e9ny visszavon\u00e1sig \u00e9rv\u00e9nyes.<\/p>","protected":false},"excerpt":{"rendered":"<p>- 10%<\/p>","protected":false},"featured_media":1705,"template":"","meta":{"inline_featured_image":false},"product_brand":[],"product_cat":[81],"product_tag":[],"class_list":{"0":"post-1707","1":"product","2":"type-product","3":"status-publish","4":"has-post-thumbnail","6":"product_cat-utazas-es-kozlekedes","8":"first","9":"instock","10":"taxable","11":"shipping-taxable","12":"purchasable","13":"product-type-simple"},"_links":{"self":[{"href":"https:\/\/momed.hu\/en\/wp-json\/wp\/v2\/product\/1707","targetHints":{"allow":["GET"]}}],"collection":[{"href":"https:\/\/momed.hu\/en\/wp-json\/wp\/v2\/product"}],"about":[{"href":"https:\/\/momed.hu\/en\/wp-json\/wp\/v2\/types\/product"}],"wp:featuredmedia":[{"embeddable":true,"href":"https:\/\/momed.hu\/en\/wp-json\/wp\/v2\/media\/1705"}],"wp:attachment":[{"href":"https:\/\/momed.hu\/en\/wp-json\/wp\/v2\/media?parent=1707"}],"wp:term":[{"taxonomy":"product_brand","embeddable":true,"href":"https:\/\/momed.hu\/en\/wp-json\/wp\/v2\/product_brand?post=1707"},{"taxonomy":"product_cat","embeddable":true,"href":"https:\/\/momed.hu\/en\/wp-json\/wp\/v2\/product_cat?post=1707"},{"taxonomy":"product_tag","embeddable":true,"href":"https:\/\/momed.hu\/en\/wp-json\/wp\/v2\/product_tag?post=1707"}],"curies":[{"name":"wp","href":"https:\/\/api.w.org\/{rel}","templated":true}]}}