{"id":1715,"date":"2024-09-03T08:09:12","date_gmt":"2024-09-03T08:09:12","guid":{"rendered":"https:\/\/momed.hu\/?post_type=product&#038;p=1715"},"modified":"2025-03-06T21:44:06","modified_gmt":"2025-03-06T21:44:06","slug":"cseppke","status":"publish","type":"product","link":"https:\/\/momed.hu\/en\/product\/cseppke\/","title":{"rendered":"Cseppke"},"content":{"rendered":"<p>How to use it?<br \/>Aktiv\u00e1ld a kedvezm\u00e9nyed, majd \u00edrd be a k\u00f3dod a Cseppke webshopj\u00e1ban a kosaradban a megfelel\u0151 helyre.<\/p>\n<p>A 10% kedvezm\u00e9ny a Cseppke webshopj\u00e1ban megtal\u00e1lhat\u00f3 \u00f6sszes term\u00e9kre \u00e9rv\u00e9nyes, kiv\u00e9ve a vend\u00e9gm\u00e1rk\u00e1kra. A kedvezm\u00e9ny m\u00e1s akci\u00f3val nem \u00f6sszevonhat\u00f3. A kedvezm\u00e9ny visszavon\u00e1sig vagy a k\u00e9szlet erej\u00e9ig \u00e9rv\u00e9nyes.<\/p>","protected":false},"excerpt":{"rendered":"<p>The <strong>Cseppke<\/strong> a legfinomabb, k\u00e9zm\u0171ves gyerek h\u00e1l\u00f3zs\u00e1kok szak\u00e9rt\u0151je, melyek garant\u00e1lj\u00e1k a k\u00e9nyelmet \u00e9s a biztons\u00e1got a legkisebbek sz\u00e1m\u00e1ra. Minden term\u00e9k\u00fck a legjobb min\u0151s\u00e9g\u0171 alapanyagokb\u00f3l k\u00e9sz\u00fcl, hogy gyermekeid \u00e9des \u00e1lmokat \u00e9s nyugodt pihen\u00e9st biztos\u00edtson. Fedezd fel a Cseppke vil\u00e1g\u00e1t, \u00e9s v\u00e1lassz a praktikus, m\u00e9gis st\u00edlusos h\u00e1l\u00f3zs\u00e1kok k\u00f6z\u00fcl!<\/p>\n<p>If you want to learn more, click on the \"Website\" button.<\/p>","protected":false},"featured_media":1717,"template":"","meta":{"inline_featured_image":false},"product_brand":[],"product_cat":[52],"product_tag":[],"class_list":{"0":"post-1715","1":"product","2":"type-product","3":"status-publish","4":"has-post-thumbnail","6":"product_cat-baba-mama","8":"first","9":"instock","10":"taxable","11":"shipping-taxable","12":"purchasable","13":"product-type-simple"},"_links":{"self":[{"href":"https:\/\/momed.hu\/en\/wp-json\/wp\/v2\/product\/1715","targetHints":{"allow":["GET"]}}],"collection":[{"href":"https:\/\/momed.hu\/en\/wp-json\/wp\/v2\/product"}],"about":[{"href":"https:\/\/momed.hu\/en\/wp-json\/wp\/v2\/types\/product"}],"wp:featuredmedia":[{"embeddable":true,"href":"https:\/\/momed.hu\/en\/wp-json\/wp\/v2\/media\/1717"}],"wp:attachment":[{"href":"https:\/\/momed.hu\/en\/wp-json\/wp\/v2\/media?parent=1715"}],"wp:term":[{"taxonomy":"product_brand","embeddable":true,"href":"https:\/\/momed.hu\/en\/wp-json\/wp\/v2\/product_brand?post=1715"},{"taxonomy":"product_cat","embeddable":true,"href":"https:\/\/momed.hu\/en\/wp-json\/wp\/v2\/product_cat?post=1715"},{"taxonomy":"product_tag","embeddable":true,"href":"https:\/\/momed.hu\/en\/wp-json\/wp\/v2\/product_tag?post=1715"}],"curies":[{"name":"wp","href":"https:\/\/api.w.org\/{rel}","templated":true}]}}