{"id":1724,"date":"2024-09-05T07:27:36","date_gmt":"2024-09-05T07:27:36","guid":{"rendered":"https:\/\/momed.hu\/?post_type=product&#038;p=1724"},"modified":"2025-10-09T12:35:14","modified_gmt":"2025-10-09T12:35:14","slug":"beauty-clinic-residence","status":"publish","type":"product","link":"https:\/\/momed.hu\/en\/product\/beauty-clinic-residence\/","title":{"rendered":"Beauty Clinic Residence"},"content":{"rendered":"<p>How to use it?<br \/>Activate your discount and redeem it at checkout.<\/p>\n<p>A 15% kedvezm\u00e9ny a debreceni Beauty Clinic Residence valamennyi szolg\u00e1ltat\u00e1s\u00e1ra \u00e9rv\u00e9nyes. A kedvezm\u00e9nyek nem \u00e1truh\u00e1zhat\u00f3k, azok kiz\u00e1r\u00f3lag a momed-el\u0151fizet\u0151 sz\u00e1m\u00e1ra, valamint annak 14 \u00e9ven aluli gyermeke sz\u00e1m\u00e1ra biztos\u00edtanak kedvezm\u00e9nyt. A kedvezm\u00e9nyek visszavon\u00e1sig \u00e9rv\u00e9nyesek. <\/p>\n<p>momed-exkluz\u00edv kedvezm\u00e9nyek:<br \/>- Venus Legacy kezel\u00e9s 50% kedvezm\u00e9ny<br \/>\u00a0 (6 alkalmas arc-, nyak- \u00e9s dekolt\u00e1zskezel\u00e9s)<br \/>- Elysion-Pro v\u00e9gleges sz\u0151rtelen\u00edt\u00e9s 50% kedvezm\u00e9ny\u00a0<br \/>  (3+3 alkalmas b\u00e9rlet, b\u00e1rmely szolg\u00e1ltat\u00e1si list\u00e1b\u00f3l v\u00e1laszthat\u00f3 testr\u00e9szre)<\/p>","protected":false},"excerpt":{"rendered":"<p>- 15-50%<\/p>","protected":false},"featured_media":1723,"template":"","meta":{"inline_featured_image":false},"product_brand":[],"product_cat":[90],"product_tag":[],"class_list":{"0":"post-1724","1":"product","2":"type-product","3":"status-publish","4":"has-post-thumbnail","6":"product_cat-szepseg","8":"first","9":"instock","10":"taxable","11":"shipping-taxable","12":"purchasable","13":"product-type-simple"},"_links":{"self":[{"href":"https:\/\/momed.hu\/en\/wp-json\/wp\/v2\/product\/1724","targetHints":{"allow":["GET"]}}],"collection":[{"href":"https:\/\/momed.hu\/en\/wp-json\/wp\/v2\/product"}],"about":[{"href":"https:\/\/momed.hu\/en\/wp-json\/wp\/v2\/types\/product"}],"wp:featuredmedia":[{"embeddable":true,"href":"https:\/\/momed.hu\/en\/wp-json\/wp\/v2\/media\/1723"}],"wp:attachment":[{"href":"https:\/\/momed.hu\/en\/wp-json\/wp\/v2\/media?parent=1724"}],"wp:term":[{"taxonomy":"product_brand","embeddable":true,"href":"https:\/\/momed.hu\/en\/wp-json\/wp\/v2\/product_brand?post=1724"},{"taxonomy":"product_cat","embeddable":true,"href":"https:\/\/momed.hu\/en\/wp-json\/wp\/v2\/product_cat?post=1724"},{"taxonomy":"product_tag","embeddable":true,"href":"https:\/\/momed.hu\/en\/wp-json\/wp\/v2\/product_tag?post=1724"}],"curies":[{"name":"wp","href":"https:\/\/api.w.org\/{rel}","templated":true}]}}