{"id":1725,"date":"2024-09-05T07:33:53","date_gmt":"2024-09-05T07:33:53","guid":{"rendered":"https:\/\/momed.hu\/?post_type=product&#038;p=1725"},"modified":"2025-10-09T12:35:06","modified_gmt":"2025-10-09T12:35:06","slug":"phuket-spa","status":"publish","type":"product","link":"https:\/\/momed.hu\/en\/product\/phuket-spa\/","title":{"rendered":"Phuket Spa"},"content":{"rendered":"<p>How to use it?<br \/>Activate your discount and redeem it at checkout.<\/p>\n<p>A 15% kedvezm\u00e9ny a Phuket Spa Thai Massage valamennyi szolg\u00e1ltat\u00e1s\u00e1ra, utalv\u00e1ny\u00e1ra \u00e9s b\u00e9rlet\u00e9re \u00e9rv\u00e9nyes. A kedvezm\u00e9ny nem \u00e1truh\u00e1zhat\u00f3, az kiz\u00e1r\u00f3lag a momed-el\u0151fizet\u0151 sz\u00e1m\u00e1ra, valamint annak 14 \u00e9ven aluli gyermeke sz\u00e1m\u00e1ra biztos\u00edt kedvezm\u00e9nyt. A kedvezm\u00e9nyek visszavon\u00e1sig \u00e9rv\u00e9nyesek. <\/p>","protected":false},"excerpt":{"rendered":"<p>A <strong>Phuket Spa<\/strong> egy igaz\u00e1n exkluz\u00edv hely, ahol a nyugodt pihen\u00e9s \u00e9s a luxus \u00f6sszhangban van. \u00c9lvezd a tradicion\u00e1lis thaif\u00f6ldi massz\u00e1zsokat, melyek seg\u00edtenek elfelejteni a mindennapi stresszt, \u00e9s \u00faj energi\u00e1val t\u00f6ltenek fel. A Phuket Spa egy olyan hely, ahol a k\u00e9nyeztet\u00e9s \u00e9s a relax\u00e1ci\u00f3 a legfontosabb, \u00edgy biztosan megtal\u00e1lod a sz\u00e1modra t\u00f6k\u00e9letes kezel\u00e9st. Tedd k\u00fcl\u00f6nlegess\u00e9 a napod, \u00e9s mer\u00fclj el a thai massz\u00e1zsok var\u00e1zslatos vil\u00e1g\u00e1ban!<\/p>\n<p>If you want to learn more, click on the \"Website\" button.<\/p>","protected":false},"featured_media":1726,"template":"","meta":{"inline_featured_image":false},"product_brand":[],"product_cat":[90],"product_tag":[],"class_list":{"0":"post-1725","1":"product","2":"type-product","3":"status-publish","4":"has-post-thumbnail","6":"product_cat-szepseg","8":"first","9":"instock","10":"taxable","11":"shipping-taxable","12":"purchasable","13":"product-type-simple"},"_links":{"self":[{"href":"https:\/\/momed.hu\/en\/wp-json\/wp\/v2\/product\/1725","targetHints":{"allow":["GET"]}}],"collection":[{"href":"https:\/\/momed.hu\/en\/wp-json\/wp\/v2\/product"}],"about":[{"href":"https:\/\/momed.hu\/en\/wp-json\/wp\/v2\/types\/product"}],"wp:featuredmedia":[{"embeddable":true,"href":"https:\/\/momed.hu\/en\/wp-json\/wp\/v2\/media\/1726"}],"wp:attachment":[{"href":"https:\/\/momed.hu\/en\/wp-json\/wp\/v2\/media?parent=1725"}],"wp:term":[{"taxonomy":"product_brand","embeddable":true,"href":"https:\/\/momed.hu\/en\/wp-json\/wp\/v2\/product_brand?post=1725"},{"taxonomy":"product_cat","embeddable":true,"href":"https:\/\/momed.hu\/en\/wp-json\/wp\/v2\/product_cat?post=1725"},{"taxonomy":"product_tag","embeddable":true,"href":"https:\/\/momed.hu\/en\/wp-json\/wp\/v2\/product_tag?post=1725"}],"curies":[{"name":"wp","href":"https:\/\/api.w.org\/{rel}","templated":true}]}}