{"id":1728,"date":"2024-09-05T07:42:14","date_gmt":"2024-09-05T07:42:14","guid":{"rendered":"https:\/\/momed.hu\/?post_type=product&#038;p=1728"},"modified":"2025-10-09T12:35:31","modified_gmt":"2025-10-09T12:35:31","slug":"deluxe-day-spa","status":"publish","type":"product","link":"https:\/\/momed.hu\/en\/product\/deluxe-day-spa\/","title":{"rendered":"Deluxe Day Spa"},"content":{"rendered":"<p>How to use it?<br \/>Activate your discount and redeem it at checkout.<\/p>\n<p>A kedvezm\u00e9nyek a Deluxe Day Spa-ban \u00e9rv\u00e9nyesek. A kedvezm\u00e9nyek nem \u00e1truh\u00e1zhat\u00f3k, azok kiz\u00e1r\u00f3lag a momed-el\u0151fizet\u0151 sz\u00e1m\u00e1ra, valamint annak 14 \u00e9ven aluli gyermeke sz\u00e1m\u00e1ra biztos\u00edtanak kedvezm\u00e9nyt. A kedvezm\u00e9nyek visszavon\u00e1sig \u00e9rv\u00e9nyesek \u00e9s nem vonatkoznak a term\u00e9kv\u00e1s\u00e1rl\u00e1sokra.<\/p>\n<p>momed-exkluz\u00edv kedvezm\u00e9nyek:<br \/>- 15% kedvezm\u00e9ny valamennyi csomagaj\u00e1nlatra<br \/>- 10% kedvezm\u00e9ny minden egy\u00e9b szolg\u00e1ltat\u00e1sra<\/p>","protected":false},"excerpt":{"rendered":"<p>A <strong>Deluxe Day Spa<\/strong>-ban minden a te k\u00e9nyelmedr\u0151l sz\u00f3l. Ha szeretn\u00e9l egy igaz\u00e1n k\u00fcl\u00f6nleges kikapcsol\u00f3d\u00e1st, itt a helyed! Exkluz\u00edv k\u00f6rnyezet, professzion\u00e1lis kezel\u00e9sek \u00e9s relax\u00e1ci\u00f3s programok v\u00e1rnak r\u00e1d, hogy elfelejtsd a mindennapi stresszt. T\u00f6lts el egy var\u00e1zslatos pillanatot, \u00e9s \u00e9lvezd a k\u00e9nyeztet\u00e9st, amit meg\u00e9rdemelsz!<\/p>\n<p>If you want to learn more, click on the \"Website\" button.<\/p>","protected":false},"featured_media":1730,"template":"","meta":{"inline_featured_image":false},"product_brand":[],"product_cat":[90],"product_tag":[],"class_list":{"0":"post-1728","1":"product","2":"type-product","3":"status-publish","4":"has-post-thumbnail","6":"product_cat-szepseg","8":"first","9":"instock","10":"taxable","11":"shipping-taxable","12":"purchasable","13":"product-type-simple"},"_links":{"self":[{"href":"https:\/\/momed.hu\/en\/wp-json\/wp\/v2\/product\/1728","targetHints":{"allow":["GET"]}}],"collection":[{"href":"https:\/\/momed.hu\/en\/wp-json\/wp\/v2\/product"}],"about":[{"href":"https:\/\/momed.hu\/en\/wp-json\/wp\/v2\/types\/product"}],"wp:featuredmedia":[{"embeddable":true,"href":"https:\/\/momed.hu\/en\/wp-json\/wp\/v2\/media\/1730"}],"wp:attachment":[{"href":"https:\/\/momed.hu\/en\/wp-json\/wp\/v2\/media?parent=1728"}],"wp:term":[{"taxonomy":"product_brand","embeddable":true,"href":"https:\/\/momed.hu\/en\/wp-json\/wp\/v2\/product_brand?post=1728"},{"taxonomy":"product_cat","embeddable":true,"href":"https:\/\/momed.hu\/en\/wp-json\/wp\/v2\/product_cat?post=1728"},{"taxonomy":"product_tag","embeddable":true,"href":"https:\/\/momed.hu\/en\/wp-json\/wp\/v2\/product_tag?post=1728"}],"curies":[{"name":"wp","href":"https:\/\/api.w.org\/{rel}","templated":true}]}}