{"id":1731,"date":"2024-09-05T07:59:19","date_gmt":"2024-09-05T07:59:19","guid":{"rendered":"https:\/\/momed.hu\/?post_type=product&#038;p=1731"},"modified":"2025-10-09T12:35:53","modified_gmt":"2025-10-09T12:35:53","slug":"nk-hair-head-spa-salon","status":"publish","type":"product","link":"https:\/\/momed.hu\/en\/product\/nk-hair-head-spa-salon\/","title":{"rendered":"NK Hair &amp; Head Spa Salon"},"content":{"rendered":"<p>How to use it?<br \/>Activate your discount and redeem it at checkout.<\/p>\n<p>A kedvezm\u00e9nyek az NK Hair &amp; Head Spa Salon-ban \u00e9rv\u00e9nyesek. A kedvezm\u00e9nyek nem \u00e1truh\u00e1zhat\u00f3k, azok kiz\u00e1r\u00f3lag a momed-el\u0151fizet\u0151 sz\u00e1m\u00e1ra, valamint annak 14 \u00e9ven aluli gyermeke sz\u00e1m\u00e1ra biztos\u00edtanak kedvezm\u00e9nyt. A kedvezm\u00e9nyek visszavon\u00e1sig \u00e9rv\u00e9nyesek. <\/p>\n<p>momed-exkluz\u00edv kedvezm\u00e9nyek:<br \/>- 10% kedvezm\u00e9ny: \"FRESH\", \"RELAXING\", \"LUXURY\", \"LUXURY+\", \"HEAD SPA for TWO\", \"HEAD SPA for COUPLES\u201d, \"HYALURON INFRARED HAIR REMEDY\u201d \u00e9lm\u00e9nyekre.<br \/>- 20% kedvezm\u00e9ny: \"HYALURON INFRARED HAIR REMEDY+\u201d \u00e9lm\u00e9nyre \u00e9s minden b\u00e9rletre.<\/p>","protected":false},"excerpt":{"rendered":"<p>- 10-20%<\/p>","protected":false},"featured_media":1732,"template":"","meta":{"inline_featured_image":false},"product_brand":[],"product_cat":[90],"product_tag":[],"class_list":{"0":"post-1731","1":"product","2":"type-product","3":"status-publish","4":"has-post-thumbnail","6":"product_cat-szepseg","8":"first","9":"instock","10":"taxable","11":"shipping-taxable","12":"purchasable","13":"product-type-simple"},"_links":{"self":[{"href":"https:\/\/momed.hu\/en\/wp-json\/wp\/v2\/product\/1731","targetHints":{"allow":["GET"]}}],"collection":[{"href":"https:\/\/momed.hu\/en\/wp-json\/wp\/v2\/product"}],"about":[{"href":"https:\/\/momed.hu\/en\/wp-json\/wp\/v2\/types\/product"}],"wp:featuredmedia":[{"embeddable":true,"href":"https:\/\/momed.hu\/en\/wp-json\/wp\/v2\/media\/1732"}],"wp:attachment":[{"href":"https:\/\/momed.hu\/en\/wp-json\/wp\/v2\/media?parent=1731"}],"wp:term":[{"taxonomy":"product_brand","embeddable":true,"href":"https:\/\/momed.hu\/en\/wp-json\/wp\/v2\/product_brand?post=1731"},{"taxonomy":"product_cat","embeddable":true,"href":"https:\/\/momed.hu\/en\/wp-json\/wp\/v2\/product_cat?post=1731"},{"taxonomy":"product_tag","embeddable":true,"href":"https:\/\/momed.hu\/en\/wp-json\/wp\/v2\/product_tag?post=1731"}],"curies":[{"name":"wp","href":"https:\/\/api.w.org\/{rel}","templated":true}]}}