{"id":1736,"date":"2024-09-05T08:19:18","date_gmt":"2024-09-05T08:19:18","guid":{"rendered":"https:\/\/momed.hu\/?post_type=product&#038;p=1736"},"modified":"2025-10-09T12:34:40","modified_gmt":"2025-10-09T12:34:40","slug":"shedo-hair-salon","status":"publish","type":"product","link":"https:\/\/momed.hu\/en\/product\/shedo-hair-salon\/","title":{"rendered":"Sh\u00e9do Hair Salon"},"content":{"rendered":"<p>How to use it?<br \/>Activate your discount and redeem it at checkout.<\/p>\n<p>A kedvezm\u00e9nyek a debreceni Sh\u00e9do Hair Salon-ban \u00e9rv\u00e9nyesek. A kedvezm\u00e9nyek nem \u00e1truh\u00e1zhat\u00f3k, azok kiz\u00e1r\u00f3lag a momed-el\u0151fizet\u0151 sz\u00e1m\u00e1ra, valamint annak 14 \u00e9ven aluli gyermeke sz\u00e1m\u00e1ra biztos\u00edtanak kedvezm\u00e9nyt. A kedvezm\u00e9nyek visszavon\u00e1sig \u00e9rv\u00e9nyesek. <\/p>\n<p>momed-exkluz\u00edv kedvezm\u00e9nyek:<br \/>- 10% kedvezm\u00e9ny minden szolg\u00e1ltat\u00e1sb\u00f3l (fodr\u00e1szat, manik\u0171r, spa pedik\u0171r)\u00a0<br \/>- Aj\u00e1nd\u00e9k konzult\u00e1ci\u00f3 \u00e9s fejb\u0151rdiagnosztika Oxig\u00e9nter\u00e1pi\u00e1s kezel\u00e9s ig\u00e9nybev\u00e9tel\u00e9n\u00e9l<br \/>- 10% kedvezm\u00e9ny az Oxygeni Hair &amp; Skin term\u00e9kek \u00e1r\u00e1b\u00f3l<\/p>","protected":false},"excerpt":{"rendered":"<p>- 10%<\/p>","protected":false},"featured_media":1735,"template":"","meta":{"inline_featured_image":false},"product_brand":[],"product_cat":[90],"product_tag":[],"class_list":{"0":"post-1736","1":"product","2":"type-product","3":"status-publish","4":"has-post-thumbnail","6":"product_cat-szepseg","8":"first","9":"instock","10":"taxable","11":"shipping-taxable","12":"purchasable","13":"product-type-simple"},"_links":{"self":[{"href":"https:\/\/momed.hu\/en\/wp-json\/wp\/v2\/product\/1736","targetHints":{"allow":["GET"]}}],"collection":[{"href":"https:\/\/momed.hu\/en\/wp-json\/wp\/v2\/product"}],"about":[{"href":"https:\/\/momed.hu\/en\/wp-json\/wp\/v2\/types\/product"}],"wp:featuredmedia":[{"embeddable":true,"href":"https:\/\/momed.hu\/en\/wp-json\/wp\/v2\/media\/1735"}],"wp:attachment":[{"href":"https:\/\/momed.hu\/en\/wp-json\/wp\/v2\/media?parent=1736"}],"wp:term":[{"taxonomy":"product_brand","embeddable":true,"href":"https:\/\/momed.hu\/en\/wp-json\/wp\/v2\/product_brand?post=1736"},{"taxonomy":"product_cat","embeddable":true,"href":"https:\/\/momed.hu\/en\/wp-json\/wp\/v2\/product_cat?post=1736"},{"taxonomy":"product_tag","embeddable":true,"href":"https:\/\/momed.hu\/en\/wp-json\/wp\/v2\/product_tag?post=1736"}],"curies":[{"name":"wp","href":"https:\/\/api.w.org\/{rel}","templated":true}]}}