{"id":1739,"date":"2024-09-05T08:30:30","date_gmt":"2024-09-05T08:30:30","guid":{"rendered":"https:\/\/momed.hu\/?post_type=product&#038;p=1739"},"modified":"2025-10-09T12:45:17","modified_gmt":"2025-10-09T12:45:17","slug":"nap-medical","status":"publish","type":"product","link":"https:\/\/momed.hu\/en\/product\/nap-medical\/","title":{"rendered":"NAP Medical"},"content":{"rendered":"<p>How to use it?<br \/>Activate your discount and redeem it at checkout.<\/p>\n<p>A 10% kedvezm\u00e9ny a NAP Medical al\u00e1bbi szolg\u00e1ltat\u00e1saira \u00e9rv\u00e9nyes. A kedvezm\u00e9ny nem \u00e1truh\u00e1zhat\u00f3, azok kiz\u00e1r\u00f3lag a momed-el\u0151fizet\u0151 sz\u00e1m\u00e1ra, valamint annak 14 \u00e9ven aluli gyermeke sz\u00e1m\u00e1ra biztos\u00edt kedvezm\u00e9nyt. A kedvezm\u00e9nyek visszavon\u00e1sig \u00e9rv\u00e9nyesek. <\/p>\n<p>momed-exkluz\u00edv kedvezm\u00e9nyek:<br \/>- 10% kedvezm\u00e9ny az al\u00e1bbi kezel\u00e9sekre \u00e9s csomagokra:<br \/>  - IncontiLase\u00ae 3 alkalmas l\u00e9zeres inkontinencia kezel\u00e9si csomag<br \/>  - ProlapLase\u00ae 3 alkalmas l\u00e9zeres kezel\u00e9si csomag a m\u00e9hs\u00fcllyed\u00e9s kezel\u00e9s\u00e9re<br \/>  - IntimaLase\u00ae 2 alkalmas h\u00fcvelysz\u0171k\u00edt\u0151 l\u00e9zeres kezel\u00e9si csomag<br \/>  - RenovaLase\u00ae 3 alkalmas l\u00e9zeres kezel\u00e9si csomag h\u00fcvelysz\u00e1razs\u00e1g kezel\u00e9s\u00e9re<br \/>  - SkinPen 3 alkalmas arckezel\u00e9si csomag<br \/>  - OxyGeneo 3 alkalmas orvoskozmetikai kezel\u00e9s<br \/>  - Fotona 4D l\u00e9zeres arckezel\u00e9s<br \/>  - ZO\u00ae 3-Step Peeling kezel\u00e9s<br \/>  - EMTONE\u00ae 4 alkalmas narancsb\u0151r kezel\u00e9s<br \/>  - EXION INTENSE PR\u00c9MIUM radiofrekvenci\u00e1s mikrot\u0171s kezel\u00e9s<br \/>  - EXION INTENSE arckezel\u00e9s<br \/>  - EXION HYASOFT PR\u00c9MIUM<\/p>","protected":false},"excerpt":{"rendered":"<p>- 10%<\/p>","protected":false},"featured_media":1737,"template":"","meta":{"inline_featured_image":false},"product_brand":[],"product_cat":[93],"product_tag":[],"class_list":{"0":"post-1739","1":"product","2":"type-product","3":"status-publish","4":"has-post-thumbnail","6":"product_cat-egeszsegugy","8":"first","9":"instock","10":"taxable","11":"shipping-taxable","12":"product-type-simple"},"_links":{"self":[{"href":"https:\/\/momed.hu\/en\/wp-json\/wp\/v2\/product\/1739","targetHints":{"allow":["GET"]}}],"collection":[{"href":"https:\/\/momed.hu\/en\/wp-json\/wp\/v2\/product"}],"about":[{"href":"https:\/\/momed.hu\/en\/wp-json\/wp\/v2\/types\/product"}],"wp:featuredmedia":[{"embeddable":true,"href":"https:\/\/momed.hu\/en\/wp-json\/wp\/v2\/media\/1737"}],"wp:attachment":[{"href":"https:\/\/momed.hu\/en\/wp-json\/wp\/v2\/media?parent=1739"}],"wp:term":[{"taxonomy":"product_brand","embeddable":true,"href":"https:\/\/momed.hu\/en\/wp-json\/wp\/v2\/product_brand?post=1739"},{"taxonomy":"product_cat","embeddable":true,"href":"https:\/\/momed.hu\/en\/wp-json\/wp\/v2\/product_cat?post=1739"},{"taxonomy":"product_tag","embeddable":true,"href":"https:\/\/momed.hu\/en\/wp-json\/wp\/v2\/product_tag?post=1739"}],"curies":[{"name":"wp","href":"https:\/\/api.w.org\/{rel}","templated":true}]}}