{"id":1747,"date":"2024-09-05T09:06:46","date_gmt":"2024-09-05T09:06:46","guid":{"rendered":"https:\/\/momed.hu\/?post_type=product&#038;p=1747"},"modified":"2025-10-09T12:34:48","modified_gmt":"2025-10-09T12:34:48","slug":"bestwax-center","status":"publish","type":"product","link":"https:\/\/momed.hu\/en\/product\/bestwax-center\/","title":{"rendered":"BESTWAX center"},"content":{"rendered":"<p>How to use it?<br \/>Activate your discount and redeem it at checkout.<\/p>\n<p>A kedvezm\u00e9nyek az orsz\u00e1g \u00f6sszes BESTWAX center\u00e9ben \u00e9rv\u00e9nyesek. A kedvezm\u00e9nyek nem \u00e1truh\u00e1zhat\u00f3k, azok kiz\u00e1r\u00f3lag a momed-el\u0151fizet\u0151 sz\u00e1m\u00e1ra, valamint annak 14 \u00e9ven aluli gyermeke sz\u00e1m\u00e1ra biztos\u00edtanak kedvezm\u00e9nyt. A kedvezm\u00e9nyek visszavon\u00e1sig \u00e9rv\u00e9nyesek. <\/p>\n<p>momed-exkluz\u00edv kedvezm\u00e9nyek:<br \/>- 10% kedvezm\u00e9ny valamennyi szolg\u00e1ltat\u00e1sra Janu\u00e1r, Febru\u00e1r, M\u00e1rcius, valamint Szeptember, Okt\u00f3ber, November h\u00f3napokban\u00a0<br \/>- 20% kedvezm\u00e9ny minden term\u00e9k \u00e1r\u00e1b\u00f3l, szolg\u00e1ltat\u00e1s ig\u00e9nybev\u00e9tele mellett<\/p>","protected":false},"excerpt":{"rendered":"<p>- 10-20%<\/p>","protected":false},"featured_media":1749,"template":"","meta":{"inline_featured_image":false},"product_brand":[],"product_cat":[90],"product_tag":[],"class_list":{"0":"post-1747","1":"product","2":"type-product","3":"status-publish","4":"has-post-thumbnail","6":"product_cat-szepseg","8":"first","9":"instock","10":"taxable","11":"shipping-taxable","12":"purchasable","13":"product-type-simple"},"_links":{"self":[{"href":"https:\/\/momed.hu\/en\/wp-json\/wp\/v2\/product\/1747","targetHints":{"allow":["GET"]}}],"collection":[{"href":"https:\/\/momed.hu\/en\/wp-json\/wp\/v2\/product"}],"about":[{"href":"https:\/\/momed.hu\/en\/wp-json\/wp\/v2\/types\/product"}],"wp:featuredmedia":[{"embeddable":true,"href":"https:\/\/momed.hu\/en\/wp-json\/wp\/v2\/media\/1749"}],"wp:attachment":[{"href":"https:\/\/momed.hu\/en\/wp-json\/wp\/v2\/media?parent=1747"}],"wp:term":[{"taxonomy":"product_brand","embeddable":true,"href":"https:\/\/momed.hu\/en\/wp-json\/wp\/v2\/product_brand?post=1747"},{"taxonomy":"product_cat","embeddable":true,"href":"https:\/\/momed.hu\/en\/wp-json\/wp\/v2\/product_cat?post=1747"},{"taxonomy":"product_tag","embeddable":true,"href":"https:\/\/momed.hu\/en\/wp-json\/wp\/v2\/product_tag?post=1747"}],"curies":[{"name":"wp","href":"https:\/\/api.w.org\/{rel}","templated":true}]}}