{"id":1750,"date":"2024-09-05T09:22:15","date_gmt":"2024-09-05T09:22:15","guid":{"rendered":"https:\/\/momed.hu\/?post_type=product&#038;p=1750"},"modified":"2026-04-08T15:07:52","modified_gmt":"2026-04-08T15:07:52","slug":"frida-kavehaz-es-reggelizo","status":"publish","type":"product","link":"https:\/\/momed.hu\/en\/product\/frida-kavehaz-es-reggelizo\/","title":{"rendered":"FRIDA"},"content":{"rendered":"<p>How to use it?<br \/>Activate your discount and redeem it at checkout.<\/p>\n<p>A 10% kedvezm\u00e9ny a FRIDA K\u00e1v\u00e9h\u00e1z \u00e9s Reggeliz\u0151-ben minden \u00e9tel- \u00e9s italfogyaszt\u00e1sra \u00e9rv\u00e9nyes. A kedvezm\u00e9ny a k\u00e9szlet erej\u00e9ig- vagy visszavon\u00e1sig \u00e9rv\u00e9nyesek. <\/p>","protected":false},"excerpt":{"rendered":"<p>A <strong>FRIDA<\/strong> Debrecenben az a hely, ahol a napot igaz\u00e1n j\u00f3 hangulatban ind\u00edthatod  Hangulatos enteri\u0151r, finom k\u00e1v\u00e9k, friss reggeli klasszikusok \u00e9s \u00ednyenc falatok v\u00e1rnak minden nap. T\u00f6k\u00e9letes v\u00e1laszt\u00e1s egy lass\u00fa reggelihez vagy bar\u00e1ti besz\u00e9lget\u00e9shez, ahol az \u00edzek \u00e9s a j\u00f3 t\u00e1rsas\u00e1g egy\u00fctt ragyognak <\/p>\n<p><\/p>","protected":false},"featured_media":1751,"template":"","meta":{"inline_featured_image":false},"product_brand":[],"product_cat":[79],"product_tag":[],"class_list":{"0":"post-1750","1":"product","2":"type-product","3":"status-publish","4":"has-post-thumbnail","6":"product_cat-etel-ital","8":"first","9":"instock","10":"taxable","11":"shipping-taxable","12":"purchasable","13":"product-type-simple"},"_links":{"self":[{"href":"https:\/\/momed.hu\/en\/wp-json\/wp\/v2\/product\/1750","targetHints":{"allow":["GET"]}}],"collection":[{"href":"https:\/\/momed.hu\/en\/wp-json\/wp\/v2\/product"}],"about":[{"href":"https:\/\/momed.hu\/en\/wp-json\/wp\/v2\/types\/product"}],"wp:featuredmedia":[{"embeddable":true,"href":"https:\/\/momed.hu\/en\/wp-json\/wp\/v2\/media\/1751"}],"wp:attachment":[{"href":"https:\/\/momed.hu\/en\/wp-json\/wp\/v2\/media?parent=1750"}],"wp:term":[{"taxonomy":"product_brand","embeddable":true,"href":"https:\/\/momed.hu\/en\/wp-json\/wp\/v2\/product_brand?post=1750"},{"taxonomy":"product_cat","embeddable":true,"href":"https:\/\/momed.hu\/en\/wp-json\/wp\/v2\/product_cat?post=1750"},{"taxonomy":"product_tag","embeddable":true,"href":"https:\/\/momed.hu\/en\/wp-json\/wp\/v2\/product_tag?post=1750"}],"curies":[{"name":"wp","href":"https:\/\/api.w.org\/{rel}","templated":true}]}}