{"id":1755,"date":"2024-09-05T09:50:48","date_gmt":"2024-09-05T09:50:48","guid":{"rendered":"https:\/\/momed.hu\/?post_type=product&#038;p=1755"},"modified":"2025-10-09T12:29:21","modified_gmt":"2025-10-09T12:29:21","slug":"lion-fitness","status":"publish","type":"product","link":"https:\/\/momed.hu\/en\/product\/lion-fitness\/","title":{"rendered":"LION FITNESS"},"content":{"rendered":"<p>How to use it? <br \/>Activate your discount and redeem it at checkout.<\/p>\n<p>A kedvezm\u00e9nyek a debreceni \u00e9s a hajd\u00faszoboszl\u00f3i Lion Fitness-ben is \u00e9rv\u00e9nyesek. A kedvezm\u00e9nyek nem \u00e1truh\u00e1zhat\u00f3k, azok kiz\u00e1r\u00f3lag a momed-el\u0151fizet\u0151 sz\u00e1m\u00e1ra, valamint annak 14 \u00e9ven aluli gyermeke sz\u00e1m\u00e1ra biztos\u00edt kedvezm\u00e9nyt. A kedvezm\u00e9nyek visszavon\u00e1sig \u00e9rv\u00e9nyesek. <\/p>\n<p>momed-exkluz\u00edv kedvezm\u00e9nyek:<\/p>\n<p>LION FITNESS Debrecen<br \/>1 h\u00f3napos <s>21 500 Ft<\/s> 18 500 Ft<br \/>Di\u00e1k (1 h\u00f3nap) <s>17 500 Ft<\/s> 15 000 Ft<br \/>VIP (1 h\u00f3nap) <s>30 000 Ft<\/s> 27 500 Ft<br \/>3 h\u00f3napos <s>59 500 Ft<\/s> 52 000 Ft<br \/>6 h\u00f3napos <s>110 000 Ft<\/s> 95 000 Ft<\/p>\n<p>LION FITNESS Hajd\u00faszoboszl\u00f3<br \/>1 h\u00f3napos <s>18 000 Ft<\/s> 16 000 Ft<br \/>Di\u00e1k (1 h\u00f3nap) <s>15 000 Ft<\/s> 13 000 Ft<br \/>VIP (1 h\u00f3nap) <s>25 000 Ft<\/s> 23 000 Ft<br \/>3 h\u00f3napos <s>47 000 Ft<\/s> 42 000 Ft<br \/>12 h\u00f3napos <s>170 000 Ft<\/s> 155 000 Ft<\/p>","protected":false},"excerpt":{"rendered":"<p>A Lion Fitness Debrecen egyik legmodernebb edz\u0151terme, ahol a mozg\u00e1s \u00e9s a fejl\u0151d\u00e9s tal\u00e1lkozik. Profi edz\u0151k, korszer\u0171 g\u00e9ppark \u00e9s csoportos \u00f3r\u00e1k seg\u00edtenek el\u00e9rni c\u00e9ljaidat, legyen sz\u00f3 er\u0151nl\u00e9tr\u0151l vagy alakform\u00e1l\u00e1sr\u00f3l. Funkcion\u00e1lis tr\u00e9ningek \u00e9s szem\u00e9lyi edz\u00e9sek is el\u00e9rhet\u0151k, hogy a legjobbat hozhasd ki magadb\u00f3l. Pihen\u00e9sedr\u0151l wellness szolg\u00e1ltat\u00e1saink gondoskodnak. Fedezd fel a Lion Fitness vil\u00e1g\u00e1t, \u00e9s l\u00e9pj a k\u00f6vetkez\u0151 szintre!<\/p>\n<p>If you want to learn more, click on the \"Website\" button.<\/p>","protected":false},"featured_media":1753,"template":"","meta":{"inline_featured_image":false},"product_brand":[],"product_cat":[86],"product_tag":[],"class_list":{"0":"post-1755","1":"product","2":"type-product","3":"status-publish","4":"has-post-thumbnail","6":"product_cat-sport","8":"first","9":"instock","10":"taxable","11":"shipping-taxable","12":"purchasable","13":"product-type-simple"},"_links":{"self":[{"href":"https:\/\/momed.hu\/en\/wp-json\/wp\/v2\/product\/1755","targetHints":{"allow":["GET"]}}],"collection":[{"href":"https:\/\/momed.hu\/en\/wp-json\/wp\/v2\/product"}],"about":[{"href":"https:\/\/momed.hu\/en\/wp-json\/wp\/v2\/types\/product"}],"wp:featuredmedia":[{"embeddable":true,"href":"https:\/\/momed.hu\/en\/wp-json\/wp\/v2\/media\/1753"}],"wp:attachment":[{"href":"https:\/\/momed.hu\/en\/wp-json\/wp\/v2\/media?parent=1755"}],"wp:term":[{"taxonomy":"product_brand","embeddable":true,"href":"https:\/\/momed.hu\/en\/wp-json\/wp\/v2\/product_brand?post=1755"},{"taxonomy":"product_cat","embeddable":true,"href":"https:\/\/momed.hu\/en\/wp-json\/wp\/v2\/product_cat?post=1755"},{"taxonomy":"product_tag","embeddable":true,"href":"https:\/\/momed.hu\/en\/wp-json\/wp\/v2\/product_tag?post=1755"}],"curies":[{"name":"wp","href":"https:\/\/api.w.org\/{rel}","templated":true}]}}