{"id":1758,"date":"2024-09-05T10:05:14","date_gmt":"2024-09-05T10:05:14","guid":{"rendered":"https:\/\/momed.hu\/?post_type=product&#038;p=1758"},"modified":"2025-10-09T12:40:02","modified_gmt":"2025-10-09T12:40:02","slug":"dentland-fogaszat","status":"publish","type":"product","link":"https:\/\/momed.hu\/en\/product\/dentland-fogaszat\/","title":{"rendered":"DENTLAND Fog\u00e1szat"},"content":{"rendered":"<p>How to use it?<br \/>Activate your discount and redeem it at checkout.<\/p>\n<p>A kedvezm\u00e9nyek a debreceni DENTLAND Fog\u00e1szatban \u00e9rv\u00e9nyesek. A kedvezm\u00e9nyek nem \u00e1truh\u00e1zhat\u00f3k, azok kiz\u00e1r\u00f3lag a momed-el\u0151fizet\u0151 sz\u00e1m\u00e1ra, valamint annak 14 \u00e9ven aluli gyermeke sz\u00e1m\u00e1ra biztos\u00edt kedvezm\u00e9nyt. A kedvezm\u00e9nyek visszavon\u00e1sig \u00e9rv\u00e9nyesek. <\/p>\n<p>momed-exkluz\u00edv kedvezm\u00e9nyek:<br \/>- 5% kedvezm\u00e9ny az implant\u00e1ci\u00f3s k\u00f6lts\u00e9gek \u00e1r\u00e1b\u00f3l<br \/>- 10% kedvezm\u00e9ny a fogszab\u00e1lyz\u00f3 k\u00e9sz\u00fcl\u00e9kek \u00e1r\u00e1b\u00f3l<br \/>- 15% kedvezm\u00e9ny a l\u00e1thatatlan fogszab\u00e1lyz\u00f3 tervez\u00e9sre<br \/>- 15% kedvezm\u00e9ny a dent\u00e1lhigi\u00e9ni\u00e1s csomag \u00e1r\u00e1b\u00f3l<\/p>\n<p>Dent\u00e1lhigi\u00e9ni\u00e1s csomag tartalma:<br \/>- a p\u00e1ciens sz\u00e1j\u00fcreg\u00e9nek vizsg\u00e1lata, leped\u00e9k \u00e9s fogk\u0151 felt\u00e9rk\u00e9pez\u00e9se<br \/>- fogk\u00f6z\u00f6k bem\u00e9r\u00e9se, megfelel\u0151 eszk\u00f6z\u00f6k kiv\u00e1laszt\u00e1sa<br \/>- helyes fogmos\u00e1si technika, valamint fogk\u00f6ztiszt\u00edt\u00f3 eszk\u00f6z\u00f6k bemutat\u00e1sa<br \/>- egy\u00e9nre szabott sz\u00e1jhigi\u00e9n\u00e9s gyakorlati oktat\u00e1s, amely sor\u00e1n a p\u00e1ciensnek megtan\u00edtjuk<br \/>a fogak, illetve a fogk\u00f6z\u00f6k megfelel\u0151 tiszt\u00edt\u00e1s\u00e1t<br \/>- plakkfest\u00e9s seg\u00edts\u00e9g\u00e9vel ellen\u0151rizz\u00fck a fogmos\u00e1s hat\u00e9konys\u00e1g\u00e1t<br \/>- a csomag tartalmaz 1 ingyenes kontrollvizsg\u00e1latot, amelyek sor\u00e1n meggy\u0151z\u0151d\u00fcnk<br \/>r\u00f3la, hogy hogyan tudja alkalmazni a tan\u00e1csad\u00e1son megismert m\u00f3dszereket a p\u00e1ciens<\/p>","protected":false},"excerpt":{"rendered":"<p>- 5-15%<\/p>","protected":false},"featured_media":1756,"template":"","meta":{"inline_featured_image":false},"product_brand":[],"product_cat":[93],"product_tag":[],"class_list":{"0":"post-1758","1":"product","2":"type-product","3":"status-publish","4":"has-post-thumbnail","6":"product_cat-egeszsegugy","8":"first","9":"instock","10":"taxable","11":"shipping-taxable","12":"purchasable","13":"product-type-simple"},"_links":{"self":[{"href":"https:\/\/momed.hu\/en\/wp-json\/wp\/v2\/product\/1758","targetHints":{"allow":["GET"]}}],"collection":[{"href":"https:\/\/momed.hu\/en\/wp-json\/wp\/v2\/product"}],"about":[{"href":"https:\/\/momed.hu\/en\/wp-json\/wp\/v2\/types\/product"}],"wp:featuredmedia":[{"embeddable":true,"href":"https:\/\/momed.hu\/en\/wp-json\/wp\/v2\/media\/1756"}],"wp:attachment":[{"href":"https:\/\/momed.hu\/en\/wp-json\/wp\/v2\/media?parent=1758"}],"wp:term":[{"taxonomy":"product_brand","embeddable":true,"href":"https:\/\/momed.hu\/en\/wp-json\/wp\/v2\/product_brand?post=1758"},{"taxonomy":"product_cat","embeddable":true,"href":"https:\/\/momed.hu\/en\/wp-json\/wp\/v2\/product_cat?post=1758"},{"taxonomy":"product_tag","embeddable":true,"href":"https:\/\/momed.hu\/en\/wp-json\/wp\/v2\/product_tag?post=1758"}],"curies":[{"name":"wp","href":"https:\/\/api.w.org\/{rel}","templated":true}]}}