{"id":1761,"date":"2024-09-05T12:04:36","date_gmt":"2024-09-05T12:04:36","guid":{"rendered":"https:\/\/momed.hu\/?post_type=product&#038;p=1761"},"modified":"2025-10-09T12:39:28","modified_gmt":"2025-10-09T12:39:28","slug":"szimaderm","status":"publish","type":"product","link":"https:\/\/momed.hu\/en\/product\/szimaderm\/","title":{"rendered":"SZIMADERM"},"content":{"rendered":"<p>How to use it?<br \/>Activate your discount and redeem it at checkout.<\/p>\n<p>A kedvezm\u00e9ny a SZIMADERM B\u0151rgy\u00f3gy\u00e1szat \u00e9s Eszt\u00e9tik\u00e1ben \u00e9rv\u00e9nyesek. A kedvezm\u00e9nyek nem \u00e1truh\u00e1zhat\u00f3k, azok kiz\u00e1r\u00f3lag a momed-el\u0151fizet\u0151 sz\u00e1m\u00e1ra, valamint annak 14 \u00e9ven aluli gyermeke sz\u00e1m\u00e1ra biztos\u00edt kedvezm\u00e9nyt. A kedvezm\u00e9nyek visszavon\u00e1sig \u00e9rv\u00e9nyesek. <\/p>\n<p>momed-exkluz\u00edv kedvezm\u00e9nyek:<\/p>\n<p>B\u0151rgy\u00f3gy\u00e1szat <br \/>- 10% kedvezm\u00e9ny minden szolg\u00e1ltat\u00e1sra<br \/>- 50% kedvezm\u00e9ny teljes test anyajegysz\u0171r\u00e9sre fot\u00f3 dokument\u00e1ci\u00f3val<\/p>\n<p>Eszt\u00e9tika<br \/>- 10% kedvezm\u00e9ny minden szolg\u00e1ltat\u00e1sra<br \/>- 20% kedvezm\u00e9ny ALMA Lasers- \u00e9s ALMA Hybrid kezel\u00e9sekre<\/p>","protected":false},"excerpt":{"rendered":"<p>- 10-50%<\/p>","protected":false},"featured_media":1760,"template":"","meta":{"inline_featured_image":false},"product_brand":[],"product_cat":[93],"product_tag":[],"class_list":{"0":"post-1761","1":"product","2":"type-product","3":"status-publish","4":"has-post-thumbnail","6":"product_cat-egeszsegugy","8":"first","9":"instock","10":"taxable","11":"shipping-taxable","12":"purchasable","13":"product-type-simple"},"_links":{"self":[{"href":"https:\/\/momed.hu\/en\/wp-json\/wp\/v2\/product\/1761","targetHints":{"allow":["GET"]}}],"collection":[{"href":"https:\/\/momed.hu\/en\/wp-json\/wp\/v2\/product"}],"about":[{"href":"https:\/\/momed.hu\/en\/wp-json\/wp\/v2\/types\/product"}],"wp:featuredmedia":[{"embeddable":true,"href":"https:\/\/momed.hu\/en\/wp-json\/wp\/v2\/media\/1760"}],"wp:attachment":[{"href":"https:\/\/momed.hu\/en\/wp-json\/wp\/v2\/media?parent=1761"}],"wp:term":[{"taxonomy":"product_brand","embeddable":true,"href":"https:\/\/momed.hu\/en\/wp-json\/wp\/v2\/product_brand?post=1761"},{"taxonomy":"product_cat","embeddable":true,"href":"https:\/\/momed.hu\/en\/wp-json\/wp\/v2\/product_cat?post=1761"},{"taxonomy":"product_tag","embeddable":true,"href":"https:\/\/momed.hu\/en\/wp-json\/wp\/v2\/product_tag?post=1761"}],"curies":[{"name":"wp","href":"https:\/\/api.w.org\/{rel}","templated":true}]}}