{"id":1764,"date":"2024-09-05T12:29:14","date_gmt":"2024-09-05T12:29:14","guid":{"rendered":"https:\/\/momed.hu\/?post_type=product&#038;p=1764"},"modified":"2026-02-01T14:10:18","modified_gmt":"2026-02-01T14:10:18","slug":"spektrum-lab","status":"publish","type":"product","link":"https:\/\/momed.hu\/en\/product\/spektrum-lab\/","title":{"rendered":"Spektrum-Lab"},"content":{"rendered":"<p>How to use it?<br \/>Activate your discount and redeem it at checkout.<\/p>\n<p>A kedvezm\u00e9ny debreceni F\u00d3RUM \u00e1ruh\u00e1zban tal\u00e1lhat\u00f3 Spektrum-Lab v\u00e9rv\u00e9teli ponton \u00e9rv\u00e9nyes. A kedvezm\u00e9nyek nem \u00e1truh\u00e1zhat\u00f3k, azok kiz\u00e1r\u00f3lag a momed-el\u0151fizet\u0151 sz\u00e1m\u00e1ra, valamint annak 14 \u00e9ven aluli gyermeke sz\u00e1m\u00e1ra biztos\u00edt kedvezm\u00e9nyt. A kedvezm\u00e9ny m\u00e1s akci\u00f3val nem \u00f6sszevonhat\u00f3 \u00e9s visszavon\u00e1sig \u00e9rv\u00e9nyes. <\/p>\n<p>momed-exkluz\u00edv kedvezm\u00e9nyek:<br \/>- 4 000 Ft mintav\u00e9teli d\u00edj elenged\u00e9se<br \/>A kedvezm\u00e9ny nem vonatkozik a vitaminok, nyomelemek, allergia, intolerancia \u00e9s molekul\u00e1ris genetikai vizsg\u00e1latokra.<\/p>","protected":false},"excerpt":{"rendered":"<p>- 4 000 Ft<\/p>","protected":false},"featured_media":1762,"template":"","meta":{"inline_featured_image":false},"product_brand":[],"product_cat":[93],"product_tag":[],"class_list":{"0":"post-1764","1":"product","2":"type-product","3":"status-publish","4":"has-post-thumbnail","6":"product_cat-egeszsegugy","8":"first","9":"instock","10":"taxable","11":"shipping-taxable","12":"purchasable","13":"product-type-simple"},"_links":{"self":[{"href":"https:\/\/momed.hu\/en\/wp-json\/wp\/v2\/product\/1764","targetHints":{"allow":["GET"]}}],"collection":[{"href":"https:\/\/momed.hu\/en\/wp-json\/wp\/v2\/product"}],"about":[{"href":"https:\/\/momed.hu\/en\/wp-json\/wp\/v2\/types\/product"}],"wp:featuredmedia":[{"embeddable":true,"href":"https:\/\/momed.hu\/en\/wp-json\/wp\/v2\/media\/1762"}],"wp:attachment":[{"href":"https:\/\/momed.hu\/en\/wp-json\/wp\/v2\/media?parent=1764"}],"wp:term":[{"taxonomy":"product_brand","embeddable":true,"href":"https:\/\/momed.hu\/en\/wp-json\/wp\/v2\/product_brand?post=1764"},{"taxonomy":"product_cat","embeddable":true,"href":"https:\/\/momed.hu\/en\/wp-json\/wp\/v2\/product_cat?post=1764"},{"taxonomy":"product_tag","embeddable":true,"href":"https:\/\/momed.hu\/en\/wp-json\/wp\/v2\/product_tag?post=1764"}],"curies":[{"name":"wp","href":"https:\/\/api.w.org\/{rel}","templated":true}]}}