{"id":1831,"date":"2024-09-16T09:17:22","date_gmt":"2024-09-16T09:17:22","guid":{"rendered":"https:\/\/momed.hu\/?post_type=product&#038;p=1831"},"modified":"2025-10-09T12:28:56","modified_gmt":"2025-10-09T12:28:56","slug":"pilates-m","status":"publish","type":"product","link":"https:\/\/momed.hu\/en\/product\/pilates-m\/","title":{"rendered":"Pilates M"},"content":{"rendered":"<p>How to use it?<br \/>Activate your discount and redeem it at checkout.<\/p>\n<p>A kedvezm\u00e9nyek a Pilates M minden \u00f3rat\u00edpus\u00e1ra \u00e9rv\u00e9nyesek. A kedvezm\u00e9nyek nem \u00e1truh\u00e1zhat\u00f3k, azok kiz\u00e1r\u00f3lag a momed-el\u0151fizet\u0151 sz\u00e1m\u00e1ra, valamint annak 14 \u00e9ven aluli gyermeke sz\u00e1m\u00e1ra biztos\u00edt kedvezm\u00e9nyt. A kedvezm\u00e9nyek visszavon\u00e1sig \u00e9rv\u00e9nyesek. <\/p>\n<p>momed-exkluz\u00edv kedvezm\u00e9nyek:<br \/>- AJ\u00c1ND\u00c9K 1. pilates \u00f3ra<br \/>- Korl\u00e1tlan havi b\u00e9rlet: 20 000 Ft<\/p>","protected":false},"excerpt":{"rendered":"<p>Exkluz\u00edv<\/p>","protected":false},"featured_media":1828,"template":"","meta":{"inline_featured_image":false},"product_brand":[],"product_cat":[86],"product_tag":[],"class_list":{"0":"post-1831","1":"product","2":"type-product","3":"status-publish","4":"has-post-thumbnail","6":"product_cat-sport","8":"first","9":"instock","10":"taxable","11":"shipping-taxable","12":"purchasable","13":"product-type-simple"},"_links":{"self":[{"href":"https:\/\/momed.hu\/en\/wp-json\/wp\/v2\/product\/1831","targetHints":{"allow":["GET"]}}],"collection":[{"href":"https:\/\/momed.hu\/en\/wp-json\/wp\/v2\/product"}],"about":[{"href":"https:\/\/momed.hu\/en\/wp-json\/wp\/v2\/types\/product"}],"wp:featuredmedia":[{"embeddable":true,"href":"https:\/\/momed.hu\/en\/wp-json\/wp\/v2\/media\/1828"}],"wp:attachment":[{"href":"https:\/\/momed.hu\/en\/wp-json\/wp\/v2\/media?parent=1831"}],"wp:term":[{"taxonomy":"product_brand","embeddable":true,"href":"https:\/\/momed.hu\/en\/wp-json\/wp\/v2\/product_brand?post=1831"},{"taxonomy":"product_cat","embeddable":true,"href":"https:\/\/momed.hu\/en\/wp-json\/wp\/v2\/product_cat?post=1831"},{"taxonomy":"product_tag","embeddable":true,"href":"https:\/\/momed.hu\/en\/wp-json\/wp\/v2\/product_tag?post=1831"}],"curies":[{"name":"wp","href":"https:\/\/api.w.org\/{rel}","templated":true}]}}