{"id":1871,"date":"2024-09-20T13:33:03","date_gmt":"2024-09-20T13:33:03","guid":{"rendered":"https:\/\/momed.hu\/?post_type=product&#038;p=1871"},"modified":"2025-10-09T12:20:11","modified_gmt":"2025-10-09T12:20:11","slug":"atomic-studio","status":"publish","type":"product","link":"https:\/\/momed.hu\/en\/product\/atomic-studio\/","title":{"rendered":"Atomic Studio"},"content":{"rendered":"<p>How to use it?<br \/>Activate your discount and redeem it at checkout.<\/p>\n<p>A kedvezm\u00e9ny minden fot\u00f3z\u00e1sra \u00e9rv\u00e9nyes. Legyen sz\u00f3 csal\u00e1di-, sz\u00fclinapi-, esk\u00fcv\u0151i-, kar\u00e1csonyi-, v\u00e1rand\u00f3s- vagy ak\u00e1r glamour fot\u00f3z\u00e1rsr\u00f3l, az Atomic Studio t\u00f6k\u00e9letes helysz\u00ednt biztos\u00edt. A kedvezm\u00e9ny nem \u00e1truh\u00e1zhat\u00f3 \u00e9s m\u00e1s akci\u00f3val nem \u00f6sszevonhat\u00f3. A kedvezm\u00e9ny visszavon\u00e1sig \u00e9rv\u00e9nyes.<\/p>","protected":false},"excerpt":{"rendered":"<p>- 15%<\/p>","protected":false},"featured_media":1870,"template":"","meta":{"inline_featured_image":false},"product_brand":[],"product_cat":[95],"product_tag":[],"class_list":{"0":"post-1871","1":"product","2":"type-product","3":"status-publish","4":"has-post-thumbnail","6":"product_cat-szabadido","8":"first","9":"instock","10":"taxable","11":"shipping-taxable","12":"purchasable","13":"product-type-simple"},"_links":{"self":[{"href":"https:\/\/momed.hu\/en\/wp-json\/wp\/v2\/product\/1871","targetHints":{"allow":["GET"]}}],"collection":[{"href":"https:\/\/momed.hu\/en\/wp-json\/wp\/v2\/product"}],"about":[{"href":"https:\/\/momed.hu\/en\/wp-json\/wp\/v2\/types\/product"}],"wp:featuredmedia":[{"embeddable":true,"href":"https:\/\/momed.hu\/en\/wp-json\/wp\/v2\/media\/1870"}],"wp:attachment":[{"href":"https:\/\/momed.hu\/en\/wp-json\/wp\/v2\/media?parent=1871"}],"wp:term":[{"taxonomy":"product_brand","embeddable":true,"href":"https:\/\/momed.hu\/en\/wp-json\/wp\/v2\/product_brand?post=1871"},{"taxonomy":"product_cat","embeddable":true,"href":"https:\/\/momed.hu\/en\/wp-json\/wp\/v2\/product_cat?post=1871"},{"taxonomy":"product_tag","embeddable":true,"href":"https:\/\/momed.hu\/en\/wp-json\/wp\/v2\/product_tag?post=1871"}],"curies":[{"name":"wp","href":"https:\/\/api.w.org\/{rel}","templated":true}]}}