{"id":2078,"date":"2024-10-08T08:00:53","date_gmt":"2024-10-08T08:00:53","guid":{"rendered":"https:\/\/momed.hu\/?post_type=product&#038;p=2078"},"modified":"2025-11-19T21:49:44","modified_gmt":"2025-11-19T21:49:44","slug":"thalia-szinhaz-2","status":"publish","type":"product","link":"https:\/\/momed.hu\/en\/product\/thalia-szinhaz-2\/","title":{"rendered":"Th\u00e1lia Sz\u00ednh\u00e1z"},"content":{"rendered":"<p>How to use it?<br \/>Aktiv\u00e1ld a kedvezm\u00e9nyed \u00e9s v\u00e1ltsd be a jegyv\u00e1s\u00e1rl\u00e1sn\u00e1l.<\/p>\n<p>A 20% kedvezm\u00e9ny kiz\u00e1r\u00f3lag a Th\u00e1lia Sz\u00ednh\u00e1z \u00e1ltal megjel\u00f6lt el\u0151ad\u00e1sokra \u00e9rv\u00e9nyes, online- \u00e9s jegyp\u00e9nzt\u00e1rban t\u00f6rt\u00e9n\u0151 jegyv\u00e1s\u00e1rl\u00e1s eset\u00e9n is. A kedvezm\u00e9ny nem \u00e1truh\u00e1zhat\u00f3 \u00e9s visszavon\u00e1sig \u00e9rv\u00e9nyes. Az aktu\u00e1lis megjel\u00f6lt el\u0151ad\u00e1sokr\u00f3l b\u0151vebben a Th\u00e1lia Sz\u00ednh\u00e1z weboldal\u00e1n t\u00e1j\u00e9koz\u00f3dhatsz.<\/p>","protected":false},"excerpt":{"rendered":"<p>A <strong>Th\u00e1lia Sz\u00ednh\u00e1z<\/strong> egy igazi kultur\u00e1lis k\u00f6zpont, ahol a sz\u00ednh\u00e1z minden form\u00e1ja \u00e9letre kel. A k\u00fcl\u00f6nb\u00f6z\u0151 m\u0171faj\u00fa el\u0151ad\u00e1sok \u2013 a klasszikus darabokt\u00f3l a modern sz\u00ednh\u00e1zi \u00e9lm\u00e9nyekig \u2013 mind hozz\u00e1j\u00e1rulnak a m\u0171v\u00e9szetek vil\u00e1g\u00e1nak gazdags\u00e1g\u00e1hoz. Ha szeretn\u00e9l elmer\u00fclni a sz\u00ednh\u00e1z var\u00e1zslatos l\u00e9gk\u00f6r\u00e9ben, gyere el a Th\u00e1lia Sz\u00ednh\u00e1zba, \u00e9s \u00e9ld \u00e1t az \u00e9lm\u00e9nyt, amely minden alkalommal \u00faj \u00e9lm\u00e9nyekkel gazdag\u00edt!<\/p>\n<p>If you want to learn more, click on the \"Website\" button.<\/p>","protected":false},"featured_media":2075,"template":"","meta":{"inline_featured_image":false},"product_brand":[],"product_cat":[95],"product_tag":[],"class_list":{"0":"post-2078","1":"product","2":"type-product","3":"status-publish","4":"has-post-thumbnail","6":"product_cat-szabadido","8":"first","9":"instock","10":"taxable","11":"shipping-taxable","12":"purchasable","13":"product-type-simple"},"_links":{"self":[{"href":"https:\/\/momed.hu\/en\/wp-json\/wp\/v2\/product\/2078","targetHints":{"allow":["GET"]}}],"collection":[{"href":"https:\/\/momed.hu\/en\/wp-json\/wp\/v2\/product"}],"about":[{"href":"https:\/\/momed.hu\/en\/wp-json\/wp\/v2\/types\/product"}],"wp:featuredmedia":[{"embeddable":true,"href":"https:\/\/momed.hu\/en\/wp-json\/wp\/v2\/media\/2075"}],"wp:attachment":[{"href":"https:\/\/momed.hu\/en\/wp-json\/wp\/v2\/media?parent=2078"}],"wp:term":[{"taxonomy":"product_brand","embeddable":true,"href":"https:\/\/momed.hu\/en\/wp-json\/wp\/v2\/product_brand?post=2078"},{"taxonomy":"product_cat","embeddable":true,"href":"https:\/\/momed.hu\/en\/wp-json\/wp\/v2\/product_cat?post=2078"},{"taxonomy":"product_tag","embeddable":true,"href":"https:\/\/momed.hu\/en\/wp-json\/wp\/v2\/product_tag?post=2078"}],"curies":[{"name":"wp","href":"https:\/\/api.w.org\/{rel}","templated":true}]}}