{"id":2129,"date":"2024-10-17T21:15:44","date_gmt":"2024-10-17T21:15:44","guid":{"rendered":"https:\/\/momed.hu\/?post_type=product&#038;p=2129"},"modified":"2024-11-18T08:03:28","modified_gmt":"2024-11-18T08:03:28","slug":"matific","status":"publish","type":"product","link":"https:\/\/momed.hu\/en\/product\/matific\/","title":{"rendered":"Matific"},"content":{"rendered":"<p>How to use it? <br \/>Aktiv\u00e1ld a kedvezm\u00e9nyt \u00e9s v\u00e1ltsd be a Matific oldal\u00e1n.<\/p>\n<p>A -25%-os kuponk\u00f3dok mindig \u00faj el\u0151fizet\u00e9sekre sz\u00f3lnak. A kuponk\u00f3dot a sz\u00fcl\u0151i fi\u00f3k l\u00e9trehoz\u00e1s\u00e1nak legels\u0151 l\u00e9p\u00e9s\u00e9ben (vagy megl\u00e9v\u0151 sz\u00fcl\u0151i fi\u00f3k \u00e9s \u00fajabb gyermek hozz\u00e1ad\u00e1sa eset\u00e9n) kell megadni a \"Van kuponk\u00f3dod?\" gombra kattintva.<\/p>","protected":false},"excerpt":{"rendered":"<p>- 25%<\/p>","protected":false},"featured_media":2134,"template":"","meta":{"inline_featured_image":false},"product_brand":[],"product_cat":[28,29],"product_tag":[],"class_list":{"0":"post-2129","1":"product","2":"type-product","3":"status-publish","4":"has-post-thumbnail","6":"product_cat-tanulas","7":"product_cat-ujpartnerek","9":"first","10":"instock","11":"taxable","12":"shipping-taxable","13":"purchasable","14":"product-type-simple"},"_links":{"self":[{"href":"https:\/\/momed.hu\/en\/wp-json\/wp\/v2\/product\/2129","targetHints":{"allow":["GET"]}}],"collection":[{"href":"https:\/\/momed.hu\/en\/wp-json\/wp\/v2\/product"}],"about":[{"href":"https:\/\/momed.hu\/en\/wp-json\/wp\/v2\/types\/product"}],"wp:featuredmedia":[{"embeddable":true,"href":"https:\/\/momed.hu\/en\/wp-json\/wp\/v2\/media\/2134"}],"wp:attachment":[{"href":"https:\/\/momed.hu\/en\/wp-json\/wp\/v2\/media?parent=2129"}],"wp:term":[{"taxonomy":"product_brand","embeddable":true,"href":"https:\/\/momed.hu\/en\/wp-json\/wp\/v2\/product_brand?post=2129"},{"taxonomy":"product_cat","embeddable":true,"href":"https:\/\/momed.hu\/en\/wp-json\/wp\/v2\/product_cat?post=2129"},{"taxonomy":"product_tag","embeddable":true,"href":"https:\/\/momed.hu\/en\/wp-json\/wp\/v2\/product_tag?post=2129"}],"curies":[{"name":"wp","href":"https:\/\/api.w.org\/{rel}","templated":true}]}}