{"id":2133,"date":"2024-10-17T21:35:04","date_gmt":"2024-10-17T21:35:04","guid":{"rendered":"https:\/\/momed.hu\/?post_type=product&#038;p=2133"},"modified":"2025-10-09T12:11:17","modified_gmt":"2025-10-09T12:11:17","slug":"bijo","status":"publish","type":"product","link":"https:\/\/momed.hu\/en\/product\/bijo\/","title":{"rendered":"Bij\u00f3"},"content":{"rendered":"<p>How to use it?<br \/>A kedvezm\u00e9ny felhaszn\u00e1l\u00e1s\u00e1hoz\u00a0regisztr\u00e1lj a Bij\u00f3 oldal\u00e1n \u00e9s \u00edrd be a k\u00f3dod a \"Prom\u00f3ci\u00f3s k\u00f3d\u201d mez\u0151be. Ha v\u00e9letlen\u00fcl elfelejtetted megadni, ezt ut\u00f3lag is megteheted a profilodban a \"VIP Flotta Program\"\u00a0men\u00fcpontban. \u00c1ruh\u00e1zban mutasd fel az aktiv\u00e1l\u00e1si fel\u00fcletet.<\/p>\n<p>A 15% kedvezm\u00e9ny a Bij\u00f3 webshopj\u00e1ban \u00e9s \u00e1ruh\u00e1z\u00e1ban is \u00e9rv\u00e9nyes. A kedvezm\u00e9ny a v\u00e1s\u00e1rl\u00e1s v\u00e9g\u00f6sszeg\u00e9b\u0151l ker\u00fcl levon\u00e1sra. A kedvezm\u00e9ny nem \u00e1truh\u00e1zhat\u00f3 \u00e9s visszavon\u00e1sig \u00e9rv\u00e9nyes.<\/p>","protected":false},"excerpt":{"rendered":"<p>Bij\u00f3 - Az orsz\u00e1g\u00a0egyik legnagyobb eg\u00e9szs\u00e9ges \u00e9letm\u00f3dot k\u00edn\u00e1l\u00f3 term\u00e9k szortimentj\u00e9vel v\u00e1runk minden kedves v\u00e1s\u00e1rl\u00f3t!<\/p>\n<p>A Bij\u00f3 17.000 bio-, reform- \u00e9s gy\u00f3gyterm\u00e9kkel v\u00e1rjuk a tudatos, eg\u00e9szs\u00e9ges \u00e9letm\u00f3dot kedvel\u0151ket!\u00a0Parkolj ingyen \u00e9s v\u00e1s\u00e1rolj szem\u00e9lyesen vagy ak\u00e1r k\u00e9nyelmesen az interneten a Bij\u00f3-ban!<br \/>Term\u00e9k kateg\u00f3ri\u00e1k, amelyeket megtal\u00e1l az \u00e1ruh\u00e1zban:<br \/>- Lakt\u00f3zmentes k\u00e9sz\u00edtm\u00e9nyek<br \/>- Glut\u00e9nmentes alapanyagok<br \/>- Reform\u00e9lelmiszerek<br \/>- Vitaminok<br \/>- \u00c9trend-kieg\u00e9sz\u00edt\u0151k<br \/>- Gy\u00f3gyte\u00e1k \u00e9s gy\u00f3gyf\u00fcvek<br \/>- Term\u00e9szetes kozmetikumok<br \/>- Bio term\u00e9kek \u00e9s alapanyagok<\/p>\n<p>If you want to learn more, click on the \"Website\" button.<\/p>","protected":false},"featured_media":2132,"template":"","meta":{"inline_featured_image":false},"product_brand":[],"product_cat":[80,29],"product_tag":[],"class_list":{"0":"post-2133","1":"product","2":"type-product","3":"status-publish","4":"has-post-thumbnail","6":"product_cat-bevasarlas","7":"product_cat-ujpartnerek","9":"first","10":"instock","11":"taxable","12":"shipping-taxable","13":"purchasable","14":"product-type-simple"},"_links":{"self":[{"href":"https:\/\/momed.hu\/en\/wp-json\/wp\/v2\/product\/2133","targetHints":{"allow":["GET"]}}],"collection":[{"href":"https:\/\/momed.hu\/en\/wp-json\/wp\/v2\/product"}],"about":[{"href":"https:\/\/momed.hu\/en\/wp-json\/wp\/v2\/types\/product"}],"wp:featuredmedia":[{"embeddable":true,"href":"https:\/\/momed.hu\/en\/wp-json\/wp\/v2\/media\/2132"}],"wp:attachment":[{"href":"https:\/\/momed.hu\/en\/wp-json\/wp\/v2\/media?parent=2133"}],"wp:term":[{"taxonomy":"product_brand","embeddable":true,"href":"https:\/\/momed.hu\/en\/wp-json\/wp\/v2\/product_brand?post=2133"},{"taxonomy":"product_cat","embeddable":true,"href":"https:\/\/momed.hu\/en\/wp-json\/wp\/v2\/product_cat?post=2133"},{"taxonomy":"product_tag","embeddable":true,"href":"https:\/\/momed.hu\/en\/wp-json\/wp\/v2\/product_tag?post=2133"}],"curies":[{"name":"wp","href":"https:\/\/api.w.org\/{rel}","templated":true}]}}