{"id":2215,"date":"2024-10-30T12:16:21","date_gmt":"2024-10-30T12:16:21","guid":{"rendered":"https:\/\/momed.hu\/?post_type=product&#038;p=2215"},"modified":"2026-03-05T16:33:31","modified_gmt":"2026-03-05T16:33:31","slug":"zing-burger","status":"publish","type":"product","link":"https:\/\/momed.hu\/en\/product\/zing-burger\/","title":{"rendered":"ZING Burger"},"content":{"rendered":"<p>How to use it?<br \/>Aktiv\u00e1ld a kedvezm\u00e9nyed \u00e9s \u00edrd be a kedvezm\u00e9nyk\u00f3dod a ZING App-ban.<\/p>\n<p>A 15% kedvezm\u00e9ny minden ZING Burger \u00e9tteremben \u00e9rv\u00e9nyes. A kedvezm\u00e9nyt egy h\u00f3napban 4 alkalommal tudod bev\u00e1ltani a ZING App-on kereszt\u00fcl. A kedvezm\u00e9ny a v\u00e1s\u00e1rl\u00e1s v\u00e9g\u00f6sszeg\u00e9b\u0151l ker\u00fcl levon\u00e1sra, nem \u00e1truh\u00e1zhat\u00f3 \u00e9s visszavon\u00e1sig \u00e9rv\u00e9nyes.<\/p>","protected":false},"excerpt":{"rendered":"<p>ZING Burger - Pr\u00e9mium hamburgerek, min\u0151s\u00e9gi alapanyagokb\u00f3l, sz\u00edvvel l\u00e9lekkel nektek k\u00e9sz\u00edtve!<\/p>\n<p>\u00c9teleinket \u00fagy k\u00e9sz\u00edtj\u00fck, hogy saj\u00e1t gyerekeiknek is sz\u00edvesen adn\u00e1nk. Hazai termel\u0151inkt\u0151l szerezz\u00fck be a z\u00f6lds\u00e9geinket \u00e9s angus marhah\u00fasunkat balatonfenyvesi ANGUS teny\u00e9szetb\u0151l. A zseml\u00e9inket saj\u00e1t magunk k\u00e9sz\u00edtj\u00fck egy kis\u00fczemi malom 100 \u00e9ves g\u00e9pein \u0151r\u00f6lt liszttel, \u00e9s mi keverj\u00fck a sz\u00f3szainkat is adal\u00e9kanyag- \u00e9s tart\u00f3s\u00edt\u00f3szer-mentesen. Fontos sz\u00e1munkra, hogy transzparensen \u00e1tl\u00e1ssuk az alapanyagok \u00e9rkez\u00e9s\u00e9nek \u00fatj\u00e1t, ez\u00e9rt v\u00e1lasztottunk magunknak olyan termel\u0151i partnert, aki garant\u00e1lja, hogy termel\u00e9si folyamatai \u00e1tl\u00e1that\u00f3ak.<\/p>\n<p>If you want to learn more, click on the \"Website\" button.<\/p>","protected":false},"featured_media":4104,"template":"","meta":{"inline_featured_image":false},"product_brand":[],"product_cat":[79,78,71,29],"product_tag":[],"class_list":{"0":"post-2215","1":"product","2":"type-product","3":"status-publish","4":"has-post-thumbnail","6":"product_cat-etel-ital","7":"product_cat-kiemelt","8":"product_cat-top-marka","9":"product_cat-ujpartnerek","11":"first","12":"instock","13":"taxable","14":"shipping-taxable","15":"purchasable","16":"product-type-simple"},"_links":{"self":[{"href":"https:\/\/momed.hu\/en\/wp-json\/wp\/v2\/product\/2215","targetHints":{"allow":["GET"]}}],"collection":[{"href":"https:\/\/momed.hu\/en\/wp-json\/wp\/v2\/product"}],"about":[{"href":"https:\/\/momed.hu\/en\/wp-json\/wp\/v2\/types\/product"}],"wp:featuredmedia":[{"embeddable":true,"href":"https:\/\/momed.hu\/en\/wp-json\/wp\/v2\/media\/4104"}],"wp:attachment":[{"href":"https:\/\/momed.hu\/en\/wp-json\/wp\/v2\/media?parent=2215"}],"wp:term":[{"taxonomy":"product_brand","embeddable":true,"href":"https:\/\/momed.hu\/en\/wp-json\/wp\/v2\/product_brand?post=2215"},{"taxonomy":"product_cat","embeddable":true,"href":"https:\/\/momed.hu\/en\/wp-json\/wp\/v2\/product_cat?post=2215"},{"taxonomy":"product_tag","embeddable":true,"href":"https:\/\/momed.hu\/en\/wp-json\/wp\/v2\/product_tag?post=2215"}],"curies":[{"name":"wp","href":"https:\/\/api.w.org\/{rel}","templated":true}]}}