{"id":2289,"date":"2024-12-02T13:08:44","date_gmt":"2024-12-02T13:08:44","guid":{"rendered":"https:\/\/momed.hu\/?post_type=product&#038;p=2289"},"modified":"2025-11-19T21:50:40","modified_gmt":"2025-11-19T21:50:40","slug":"yerbamigos","status":"publish","type":"product","link":"https:\/\/momed.hu\/en\/product\/yerbamigos\/","title":{"rendered":"Yerbamigos"},"content":{"rendered":"<p>How to use it?<br \/>Aktiv\u00e1ld a kedvezm\u00e9nyed \u00e9s \u00edrd be a kedvezm\u00e9nyk\u00f3dod a Yerbamigos webshopj\u00e1ban.<\/p>\n<p>A 15% kedvezm\u00e9ny a Yerbamigos web\u00e1ruh\u00e1z\u00e1ban t\u00f6rt\u00e9n\u0151 v\u00e1s\u00e1rl\u00e1sra \u00e9rv\u00e9nyes. A kedvezm\u00e9ny a v\u00e1s\u00e1rl\u00e1s v\u00e9g\u00f6sszeg\u00e9b\u0151l ker\u00fcl levon\u00e1sra, nem \u00e1truh\u00e1zhat\u00f3 \u00e9s visszavon\u00e1sig \u00e9rv\u00e9nyes.<\/p>","protected":false},"excerpt":{"rendered":"<p>Yerba Mate a min\u0151s\u00e9gi \u00e9lethez!<\/p>\n<p>Legyen az sport, munka, tanul\u00e1s, vagy \u00e9pp az eg\u00e9szs\u00e9ges \u00e9letm\u00f3d fenntart\u00e1sa, a Yerba Mate a legjobb opci\u00f3, amit v\u00e1laszthatsz. A mate tea egy term\u00e9szetes energia bomba. A Yerbamigos ezt hozza el Neked!<\/p>\n<p>If you want to learn more, click on the \"Website\" button.<\/p>","protected":false},"featured_media":2290,"template":"","meta":{"inline_featured_image":false},"product_brand":[],"product_cat":[79,89,29],"product_tag":[],"class_list":{"0":"post-2289","1":"product","2":"type-product","3":"status-publish","4":"has-post-thumbnail","6":"product_cat-etel-ital","7":"product_cat-taplalekkiegeszitok","8":"product_cat-ujpartnerek","10":"first","11":"instock","12":"taxable","13":"shipping-taxable","14":"purchasable","15":"product-type-simple"},"_links":{"self":[{"href":"https:\/\/momed.hu\/en\/wp-json\/wp\/v2\/product\/2289","targetHints":{"allow":["GET"]}}],"collection":[{"href":"https:\/\/momed.hu\/en\/wp-json\/wp\/v2\/product"}],"about":[{"href":"https:\/\/momed.hu\/en\/wp-json\/wp\/v2\/types\/product"}],"wp:featuredmedia":[{"embeddable":true,"href":"https:\/\/momed.hu\/en\/wp-json\/wp\/v2\/media\/2290"}],"wp:attachment":[{"href":"https:\/\/momed.hu\/en\/wp-json\/wp\/v2\/media?parent=2289"}],"wp:term":[{"taxonomy":"product_brand","embeddable":true,"href":"https:\/\/momed.hu\/en\/wp-json\/wp\/v2\/product_brand?post=2289"},{"taxonomy":"product_cat","embeddable":true,"href":"https:\/\/momed.hu\/en\/wp-json\/wp\/v2\/product_cat?post=2289"},{"taxonomy":"product_tag","embeddable":true,"href":"https:\/\/momed.hu\/en\/wp-json\/wp\/v2\/product_tag?post=2289"}],"curies":[{"name":"wp","href":"https:\/\/api.w.org\/{rel}","templated":true}]}}