{"id":3118,"date":"2025-04-28T21:38:41","date_gmt":"2025-04-28T21:38:41","guid":{"rendered":"https:\/\/momed.hu\/?post_type=product&#038;p=3118"},"modified":"2025-10-09T12:34:29","modified_gmt":"2025-10-09T12:34:29","slug":"hedge-ground","status":"publish","type":"product","link":"https:\/\/momed.hu\/en\/product\/hedge-ground\/","title":{"rendered":"Hedge Ground"},"content":{"rendered":"<p>How to use it?<br \/>Aktiv\u00e1ld a kedvezm\u00e9nyed, majd mutasd fel a Hedge Ground szalonba fizet\u00e9sn\u00e9l.<\/p>\n<p>- 10%  kedvezm\u00e9ny <\/p>","protected":false},"excerpt":{"rendered":"<p>Hedge Ground - igazi st\u00edlusm\u0171hely a v\u00e1ros sz\u00edv\u00e9ben. <br \/>Fiatal, kreat\u00edv fodr\u00e1szcsapat gondoskodik r\u00f3la, hogy a leg\u00fajabb trendek szerint \u00fajulj meg, pr\u00e9mium min\u0151s\u00e9gben. Schwarzkopf Professional term\u00e9kekkel dolgoznak, \u00edgy a hajad is im\u00e1dni fogja a t\u00f6r\u0151d\u00e9st. Ha friss frizur\u00e1ra vagy egy kis meg\u00fajul\u00e1sra v\u00e1gysz, ir\u00e1ny a Hedge Ground!<\/p>\n<p>If you want to learn more, click on the \"Website\" button.<\/p>","protected":false},"featured_media":3115,"template":"","meta":{"inline_featured_image":false},"product_brand":[],"product_cat":[90],"product_tag":[],"class_list":{"0":"post-3118","1":"product","2":"type-product","3":"status-publish","4":"has-post-thumbnail","6":"product_cat-szepseg","8":"first","9":"instock","10":"taxable","11":"shipping-taxable","12":"purchasable","13":"product-type-simple"},"_links":{"self":[{"href":"https:\/\/momed.hu\/en\/wp-json\/wp\/v2\/product\/3118","targetHints":{"allow":["GET"]}}],"collection":[{"href":"https:\/\/momed.hu\/en\/wp-json\/wp\/v2\/product"}],"about":[{"href":"https:\/\/momed.hu\/en\/wp-json\/wp\/v2\/types\/product"}],"wp:featuredmedia":[{"embeddable":true,"href":"https:\/\/momed.hu\/en\/wp-json\/wp\/v2\/media\/3115"}],"wp:attachment":[{"href":"https:\/\/momed.hu\/en\/wp-json\/wp\/v2\/media?parent=3118"}],"wp:term":[{"taxonomy":"product_brand","embeddable":true,"href":"https:\/\/momed.hu\/en\/wp-json\/wp\/v2\/product_brand?post=3118"},{"taxonomy":"product_cat","embeddable":true,"href":"https:\/\/momed.hu\/en\/wp-json\/wp\/v2\/product_cat?post=3118"},{"taxonomy":"product_tag","embeddable":true,"href":"https:\/\/momed.hu\/en\/wp-json\/wp\/v2\/product_tag?post=3118"}],"curies":[{"name":"wp","href":"https:\/\/api.w.org\/{rel}","templated":true}]}}