{"id":3193,"date":"2025-07-13T11:19:46","date_gmt":"2025-07-13T11:19:46","guid":{"rendered":"https:\/\/momed.hu\/?post_type=product&#038;p=3193"},"modified":"2026-04-11T12:39:20","modified_gmt":"2026-04-11T12:39:20","slug":"optic-world","status":"publish","type":"product","link":"https:\/\/momed.hu\/en\/product\/optic-world\/","title":{"rendered":"Optic World"},"content":{"rendered":"<p>How to use it?<br \/>Aktiv\u00e1ld a kedvezm\u00e9nyed, majd \u00edrd be a k\u00f3dod a webshopban a megfelel\u0151 helyre vagy mutasd fel az \u00fczletben.<\/p>\n<p>- 20% kedvezm\u00e9ny (Szem\u00fcvegkeretre, Szem\u00fcveglencs\u00e9re, Kontaktlencs\u00e9re \u00e9s Kontaktlencse \u00e1pol\u00f3szerre) <\/p>\n<p>A kedvezm\u00e9ny minden Optic World \u00fczletben a Sunglasses Spotban \u00e9s a Westend pop up pulton, illetve a webshopon\u00a0is felhaszn\u00e1lhat\u00f3. A kedvezm\u00e9ny m\u00e1s akci\u00f3val nem, viszont\u00a0a \"Szem\u00fcvegrendel\u00e9si\" \u00e9s a \"Kiterjesztett garancia\" kedvezm\u00e9nyekkel \u00f6sszevonhat\u00f3. A kedvezm\u00e9ny visszavon\u00e1sig vagy a k\u00e9szlet erej\u00e9ig \u00e9rv\u00e9nyes.<\/p>","protected":false},"excerpt":{"rendered":"<p>Az <strong>Optic World<\/strong> az egyik legismertebb hazai optikai h\u00e1l\u00f3zat, ahol pr\u00e9mium szem\u00fcvegek, napszem\u00fcvegek \u00e9s kontaktlencs\u00e9k sz\u00e9les v\u00e1laszt\u00e9ka v\u00e1r. T\u00f6bb mint 30 \u00e9v tapasztalat, modern l\u00e1t\u00e1svizsg\u00e1lat \u00e9s professzion\u00e1lis kiszolg\u00e1l\u00e1s garant\u00e1lja, hogy megtal\u00e1ld a hozz\u00e1d ill\u0151 st\u00edlust. Olyan vil\u00e1gm\u00e1rk\u00e1k k\u00f6z\u00fcl v\u00e1logathatsz, mint a Ray-Ban, Gucci vagy Hugo Boss. Az \u00fczletekben rendszeres akci\u00f3k, t\u00f6rzsv\u00e1s\u00e1rl\u00f3i kedvezm\u00e9nyek \u00e9s ak\u00e1r ingyenes l\u00e1t\u00e1svizsg\u00e1lat is el\u00e9rhet\u0151. Ha szem\u00fcvegv\u00e1s\u00e1rl\u00e1s, akkor Optic World \u2013 biztos v\u00e1laszt\u00e1s.<\/p>\n<p>If you want to learn more, click on the \"Website\" button.<\/p>","protected":false},"featured_media":4392,"template":"","meta":{"inline_featured_image":false},"product_brand":[],"product_cat":[80,29],"product_tag":[],"class_list":{"0":"post-3193","1":"product","2":"type-product","3":"status-publish","4":"has-post-thumbnail","6":"product_cat-bevasarlas","7":"product_cat-ujpartnerek","9":"first","10":"instock","11":"taxable","12":"shipping-taxable","13":"product-type-simple"},"_links":{"self":[{"href":"https:\/\/momed.hu\/en\/wp-json\/wp\/v2\/product\/3193","targetHints":{"allow":["GET"]}}],"collection":[{"href":"https:\/\/momed.hu\/en\/wp-json\/wp\/v2\/product"}],"about":[{"href":"https:\/\/momed.hu\/en\/wp-json\/wp\/v2\/types\/product"}],"wp:featuredmedia":[{"embeddable":true,"href":"https:\/\/momed.hu\/en\/wp-json\/wp\/v2\/media\/4392"}],"wp:attachment":[{"href":"https:\/\/momed.hu\/en\/wp-json\/wp\/v2\/media?parent=3193"}],"wp:term":[{"taxonomy":"product_brand","embeddable":true,"href":"https:\/\/momed.hu\/en\/wp-json\/wp\/v2\/product_brand?post=3193"},{"taxonomy":"product_cat","embeddable":true,"href":"https:\/\/momed.hu\/en\/wp-json\/wp\/v2\/product_cat?post=3193"},{"taxonomy":"product_tag","embeddable":true,"href":"https:\/\/momed.hu\/en\/wp-json\/wp\/v2\/product_tag?post=3193"}],"curies":[{"name":"wp","href":"https:\/\/api.w.org\/{rel}","templated":true}]}}