{"id":3721,"date":"2025-11-19T17:30:29","date_gmt":"2025-11-19T17:30:29","guid":{"rendered":"https:\/\/momed.hu\/?post_type=product&#038;p=3721"},"modified":"2026-02-04T21:49:01","modified_gmt":"2026-02-04T21:49:01","slug":"my-protein","status":"publish","type":"product","link":"https:\/\/momed.hu\/en\/product\/my-protein\/","title":{"rendered":"Myprotein"},"content":{"rendered":"<p>Hogyan haszn\u00e1ld fel a Myprotein kedvezm\u00e9nyed?<\/p>\n\n\n\n<p><br>Aktiv\u00e1ld a kedvezm\u00e9nyed, majd \u00edrd be a k\u00f3dod a Myprotein webshopj\u00e1ban a megfelel\u0151 helyre.<\/p>\n\n\n\n<p>- 43% kedvezm\u00e9ny szinte mindenre \ud83d\udcaa<\/p>\n\n\n\n<p>A kedvezm\u00e9ny a Myprotein webshopj\u00e1ban szinte mindenre \u00e9rv\u00e9nyes. A kedvezm\u00e9ny m\u00e1s akci\u00f3val nem \u00f6sszevonhat\u00f3. A kedvezm\u00e9ny visszavon\u00e1sig vagy a k\u00e9szlet erej\u00e9ig \u00e9rv\u00e9nyes.<\/p>","protected":false},"excerpt":{"rendered":"<p>A\u00a0<strong>Myprotein<\/strong> \u00a0a sportol\u00f3k \u00e9s eg\u00e9szs\u00e9gtudatos \u00e9letm\u00f3d h\u00edvei egyik kedvenc m\u00e1rk\u00e1ja. <img decoding=\"async\" role=\"img\" class=\"emoji\" src=\"https:\/\/s.w.org\/images\/core\/emoji\/17.0.2\/svg\/1f3c3-200d-2642-fe0f.svg\" alt=\"\ud83c\udfc3\u200d\u2642\ufe0f\">Feh\u00e9rj\u00e9k, vitaminok, eg\u00e9szs\u00e9ges nasik \u00e9s k\u00e9nyelmes edz\u0151cuccok egy helyen \u2013 egyszer\u0171en, gyorsan, online. Ak\u00e1r izmot \u00e9p\u00edtesz, ak\u00e1r csak jobban szeretn\u00e9d \u00e9rezni magad a b\u0151r\u00f6dben, itt tuti tal\u00e1lsz valamit. J\u00f3 \u00e1rak, rendszeres akci\u00f3k, vill\u00e1mgyors sz\u00e1ll\u00edt\u00e1s. Ha t\u00e1pl\u00e1l\u00e9kkieg\u00e9sz\u00edt\u0151, akkor Myprotein \u2013 nem csak profiknak! <img decoding=\"async\" role=\"img\" class=\"emoji\" src=\"https:\/\/s.w.org\/images\/core\/emoji\/17.0.2\/svg\/1f4aa.svg\" alt=\"\ud83d\udcaa\"><br \/>If you want to learn more, click on the \"Website\" button.<\/p>","protected":false},"featured_media":3197,"template":"","meta":{"inline_featured_image":false},"product_brand":[],"product_cat":[80,82,78,86,89],"product_tag":[],"class_list":{"0":"post-3721","1":"product","2":"type-product","3":"status-publish","4":"has-post-thumbnail","6":"product_cat-bevasarlas","7":"product_cat-divat","8":"product_cat-kiemelt","9":"product_cat-sport","10":"product_cat-taplalekkiegeszitok","12":"first","13":"instock","14":"taxable","15":"shipping-taxable","16":"product-type-simple"},"_links":{"self":[{"href":"https:\/\/momed.hu\/en\/wp-json\/wp\/v2\/product\/3721","targetHints":{"allow":["GET"]}}],"collection":[{"href":"https:\/\/momed.hu\/en\/wp-json\/wp\/v2\/product"}],"about":[{"href":"https:\/\/momed.hu\/en\/wp-json\/wp\/v2\/types\/product"}],"wp:featuredmedia":[{"embeddable":true,"href":"https:\/\/momed.hu\/en\/wp-json\/wp\/v2\/media\/3197"}],"wp:attachment":[{"href":"https:\/\/momed.hu\/en\/wp-json\/wp\/v2\/media?parent=3721"}],"wp:term":[{"taxonomy":"product_brand","embeddable":true,"href":"https:\/\/momed.hu\/en\/wp-json\/wp\/v2\/product_brand?post=3721"},{"taxonomy":"product_cat","embeddable":true,"href":"https:\/\/momed.hu\/en\/wp-json\/wp\/v2\/product_cat?post=3721"},{"taxonomy":"product_tag","embeddable":true,"href":"https:\/\/momed.hu\/en\/wp-json\/wp\/v2\/product_tag?post=3721"}],"curies":[{"name":"wp","href":"https:\/\/api.w.org\/{rel}","templated":true}]}}