{"id":4070,"date":"2026-02-01T13:56:18","date_gmt":"2026-02-01T13:56:18","guid":{"rendered":"https:\/\/momed.hu\/?post_type=product&#038;p=4070"},"modified":"2026-02-04T21:42:36","modified_gmt":"2026-02-04T21:42:36","slug":"rejoy","status":"publish","type":"product","link":"https:\/\/momed.hu\/en\/product\/rejoy\/","title":{"rendered":"Rejoy"},"content":{"rendered":"<p>Hogyan haszn\u00e1ld fel a Rejoy kedvezm\u00e9nyed?<\/p>\n<p>- Kattints a \"Felhaszn\u00e1lom\" gombra.<br \/>- Jelentkezz be vagy regisztr\u00e1lj a Rejoy oldal\u00e1n.<br \/>- Kattints a Kuponk\u00f3d megad\u00e1sa mez\u0151re, \u00e9s illeszd be a kapott k\u00f3dot.<br \/>- Nyomj a Hozz\u00e1ad\u00e1s gombra \u2013 a 5 000 Ft kedvezm\u00e9ny azonnal \u00e9rv\u00e9nyes\u00fcl.<\/p>\n<p><strong>Ne feledd:<\/strong><br \/><strong>A kedvem\u00e9nyed k\u00e9sz\u00fcl\u00e9k v\u00e1s\u00e1rl\u00e1sra \u00e9s elad\u00e1sra egyar\u00e1nt \u00e9rv\u00e9nyes.<\/strong> A kedvezm\u00e9ny kiz\u00e1r\u00f3lag a Rejoy webshopj\u00e1ban haszn\u00e1lhat\u00f3 fel, 2026.12.31-ig vagy a k\u00e9szlet erej\u00e9ig, teljes \u00e1r\u00fa \u00e9s akci\u00f3s term\u00e9kekre egyar\u00e1nt.<\/p>","protected":false},"excerpt":{"rendered":"<p>A Rejoy \u00faj szintre emeli a fel\u00faj\u00edtott okoseszk\u00f6z\u00f6k vil\u00e1g\u00e1t. V\u00e1s\u00e1rolj megb\u00edzhat\u00f3, bevizsg\u00e1lt k\u00e9sz\u00fcl\u00e9keket ak\u00e1r 40%-kal olcs\u00f3bban, 24 h\u00f3nap garanci\u00e1val. Van r\u00e9gi telefonod? Add el egyszer\u0171en, gyorsan \u00e9s biztons\u00e1gosan, p\u00e1r kattint\u00e1ssal. A Rejoyn\u00e1l a tudatos v\u00e1s\u00e1rl\u00e1s nem kompromisszum, hanem okos d\u00f6nt\u00e9s.<\/p>\n<p>If you want to learn more, click on the \"Website\" button.<\/p>","protected":false},"featured_media":4067,"template":"","meta":{"inline_featured_image":false},"product_brand":[],"product_cat":[85,78,71,29],"product_tag":[],"class_list":{"0":"post-4070","1":"product","2":"type-product","3":"status-publish","4":"has-post-thumbnail","6":"product_cat-elektronika-es-kiegeszitok","7":"product_cat-kiemelt","8":"product_cat-top-marka","9":"product_cat-ujpartnerek","11":"first","12":"instock","13":"taxable","14":"shipping-taxable","15":"product-type-simple"},"_links":{"self":[{"href":"https:\/\/momed.hu\/en\/wp-json\/wp\/v2\/product\/4070","targetHints":{"allow":["GET"]}}],"collection":[{"href":"https:\/\/momed.hu\/en\/wp-json\/wp\/v2\/product"}],"about":[{"href":"https:\/\/momed.hu\/en\/wp-json\/wp\/v2\/types\/product"}],"wp:featuredmedia":[{"embeddable":true,"href":"https:\/\/momed.hu\/en\/wp-json\/wp\/v2\/media\/4067"}],"wp:attachment":[{"href":"https:\/\/momed.hu\/en\/wp-json\/wp\/v2\/media?parent=4070"}],"wp:term":[{"taxonomy":"product_brand","embeddable":true,"href":"https:\/\/momed.hu\/en\/wp-json\/wp\/v2\/product_brand?post=4070"},{"taxonomy":"product_cat","embeddable":true,"href":"https:\/\/momed.hu\/en\/wp-json\/wp\/v2\/product_cat?post=4070"},{"taxonomy":"product_tag","embeddable":true,"href":"https:\/\/momed.hu\/en\/wp-json\/wp\/v2\/product_tag?post=4070"}],"curies":[{"name":"wp","href":"https:\/\/api.w.org\/{rel}","templated":true}]}}